{"id":200,"date":"2021-05-26T21:04:16","date_gmt":"2021-05-26T14:04:16","guid":{"rendered":"https:\/\/wellness-lagoon.com\/?page_id=200"},"modified":"2023-12-04T11:55:13","modified_gmt":"2023-12-04T04:55:13","slug":"shipping-costs-shipping-methods","status":"publish","type":"page","link":"https:\/\/wellness-lagoon.com\/fr\/shipping-costs-shipping-methods\/","title":{"rendered":"Frais d'exp\u00e9dition \/ M\u00e9thodes d'exp\u00e9dition"},"content":{"rendered":"<p>Cette page concerne uniquement les frais d'exp\u00e9dition et les m\u00e9thodes d'exp\u00e9dition. <a class=\"rank-math-link\" aria-label=\"Pour plus d&#039;informations sur NOS r\u00e8glements d&#039;exp\u00e9dition, veuillez lire \u00ab Exp\u00e9dition et livraison \u00bb. (Il suffit de cliquer sur le texte) (s&#039;ouvre dans un nouvel onglet)\" href=\"\/fr\/shipping-delivery\/\" target=\"_blank\" rel=\"noreferrer noopener\">Pour plus d'informations sur NOS r\u00e8glements d'exp\u00e9dition, veuillez lire \u00ab<strong>Exp\u00e9dition et livraison<\/strong>\u00bb. (Il suffit de cliquer sur le texte)<\/a><\/p>\n\n\n\n<section id=\"b3a4a8\" class=\"wp-block-gutentor-m13 section-b3a4a8 gutentor-module gutentor-module-table-of-contents\"><div class=\"grid-container\"><div class=\"g-toc\"><div class=\"g-toc-header\"><div class=\"g-toc-heading\"><div class=\"g-toc-title\"><strong>Aper\u00e7u des m\u00e9thodes d'exp\u00e9dition:<\/strong><\/div><\/div><\/div><div class=\"g-toc-body\"><ol class=\"g-ordered-list\" type=\"1\"><li><a href=\"#2--epacket-air--recommended\">ePacket Air \u2013 poste a\u00e9rienne (max. 2kg)<\/a><\/li><li><a href=\"#4--parcel-air--recommended-over-2kg\">Parcel Air \u2013 poste a\u00e9rienne (jusqu'\u00e0 20\/30kg)<\/a><\/li><li><a href=\"#5--ems-world-\">EMS World \u2013 poste a\u00e9rienne \u2013 manutention plus rapide et privil\u00e9gi\u00e9e<\/a><\/li><li><a href=\"#6-courier-post--dhl-express\">Courrier Post\/ DHL Express \u2013 poste a\u00e9rienne premium \u2013 3-5 jours (hors processus douanier)<\/a><\/li><li><a href=\"#3--parcel-surface-\">Parcel Surface \u2013 par voie maritime et terrestre (2-4 mois!)<\/a><\/li><\/ol><\/div><\/div><\/div><\/section>\n\n\n\n<div class=\"wp-block-columns is-layout-flex wp-container-core-columns-is-layout-28f84493 wp-block-columns-is-layout-flex\">\n<div class=\"wp-block-column is-layout-flow wp-block-column-is-layout-flow\" style=\"flex-basis:100%\">\n<p class=\"has-text-align-center has-background\" style=\"background-color:#ffffff75\">TOUS les envois sont enregistr\u00e9s et donc tra\u00e7ables.<\/p>\n<\/div>\n<\/div>\n\n\n\n<h2 class=\"wp-block-heading\" id=\"2--epacket-air--recommended\"><strong>ePacket Air<\/strong> \u2013 poste a\u00e9rienne (max. 2kg)<\/h2>\n\n\n\n<ul class=\"wp-block-list\">\n<li>poste a\u00e9rienne \u00e0 prix abordable<\/li>\n\n\n\n<li><strong style=\"font-size: 1rem;\">limit\u00e9 \u00e0 2 kg<\/strong><\/li>\n\n\n\n<li>prix progressifs uniform\u00e9ment bas\u00e9s sur le poids tous les 100g (100, 200, 300,... 2000g)<\/li>\n\n\n\n<li>suivi et tra\u00e7abilit\u00e9 en Tha\u00eflande et dans le pays de destination (lors du passage ou du traitement \u00e0 la douane)<\/li>\n\n\n\n<li>d\u00e9lai d'exp\u00e9dition empirique: 7-14 jours<\/li>\n<\/ul>\n\n\n\n<p>Si votre commande d\u00e9passe 2 kg, ce mode d'exp\u00e9dition ne sera pas disponible dans le panier!<\/p>\n\n\n\n<p><strong>Indice:<\/strong> Il est possible que 2 commandes de moins de 2 kg en utilisant \u00ab ePacket Air \u00bb soient moins ch\u00e8res que 1 sur 2 kg en utilisant \u00ab Int. Parcel Air \u00bb. (Nous ne facturons pas de suppl\u00e9ment pour l'emballage, alors faites ce que vous voulez.)<\/p>\n\n\n\n<h2 class=\"wp-block-heading\" id=\"4--parcel-air--recommended-over-2kg\"><strong>Parcel Air<\/strong> \u2013 poste a\u00e9rienne (jusqu'\u00e0 20\/30kg)<\/h2>\n\n\n\n<ul class=\"wp-block-list\" id=\"block-3c432584-d23f-4d00-82e0-9afafffa6eb2\">\n<li>poste a\u00e9rienne<\/li>\n\n\n\n<li>pas de limite jusqu'\u00e0 30 kg (quelques pays 20 kg)<\/li>\n\n\n\n<li>prix progressifs uniform\u00e9ment bas\u00e9s sur le poids tous les 1kg (1kg, 2kg, 3kg,... 20 ou 30kg)<\/li>\n\n\n\n<li>suivi et tra\u00e7abilit\u00e9 en Tha\u00eflande et enfin dans le pays de destination (lors du passage ou du traitement \u00e0 la douane)<\/li>\n\n\n\n<li>d\u00e9lai d'exp\u00e9dition empirique: 10-30 jours<\/li>\n<\/ul>\n\n\n\n<h2 class=\"wp-block-heading\" id=\"5--ems-world-\"><strong>EMS World<\/strong> \u2013 poste a\u00e9rienne \u2013 manutention plus rapide et privil\u00e9gi\u00e9e<\/h2>\n\n\n\n<ul class=\"wp-block-list\" id=\"block-c394bcbf-fb39-4443-ae89-3719d6080d15\">\n<li>poste a\u00e9rienne<\/li>\n\n\n\n<li>manutention plus rapide et privil\u00e9gi\u00e9 (en utilisant le r\u00e9seau postal habituel)<\/li>\n\n\n\n<li>prix progressifs bas\u00e9s sur le poids tous les 500g (500g, 1kg, 1,5kg, 2kg,... 20 ou 30kg)<\/li>\n\n\n\n<li>suivi et tra\u00e7abilit\u00e9 en Tha\u00eflande et enfin dans le pays de destination (lors du passage ou du traitement \u00e0 la douane)<\/li>\n\n\n\n<li>d\u00e9lai d'exp\u00e9dition empirique: 5-10 jours<\/li>\n<\/ul>\n\n\n\n<h2 class=\"wp-block-heading\" id=\"6-courier-post--dhl-express\">Courrier Post\/ DHL Express \u2013 poste a\u00e9rienne premium \u2013 3-5 jours (hors processus douanier)<\/h2>\n\n\n\n<ul class=\"wp-block-list\" id=\"block-30fab209-39af-4a2f-9164-5026a4beec59\">\n<li>en collaboration avec <strong>DHL Express International<\/strong><\/li>\n\n\n\n<li>poste a\u00e9rienne premium (flotte d'avions  et services de fret a\u00e9rien de DHL)<\/li>\n\n\n\n<li>manutention la plus rapide et privil\u00e9gi\u00e9e<\/li>\n\n\n\n<li>prix progressifs bas\u00e9s sur le poids tous les 500g (500g, 1kg, 1,5kg, 2kg,... 20 ou 30kg)<\/li>\n\n\n\n<li><strong>en utilisant le r\u00e9seau de livraison unique de DHL<\/strong><\/li>\n\n\n\n<li><strong>douanes express<\/strong> canal dans le pays de destination (en coop\u00e9ration avec les douanes locales)<\/li>\n\n\n\n<li>suivi et tra\u00e7abilit\u00e9 en Tha\u00eflande et enfin dans le pays de destination (lors du traitement)<\/li>\n\n\n\n<li>d\u00e9lai d'exp\u00e9dition empirique: 3-6 jours<\/li>\n<\/ul>\n\n\n\n<h2 class=\"wp-block-heading\" id=\"3--parcel-surface-\"><strong>Parcel Surface<\/strong> \u2013 par voie maritime et terrestre (2-4 mois!)<\/h2>\n\n\n\n<ul class=\"wp-block-list\" id=\"block-1b8ce351-f889-4969-99b0-4be8d7053646\">\n<li>tr\u00e8s lent \u2013 est. <strong>d\u00e9lai d'exp\u00e9dition = 2-4 mois !!!<\/strong><\/li>\n\n\n\n<li><strong>PAS de poste a\u00e9rienne<\/strong>, transport maritime uniquement par voie maritime et terrestre<\/li>\n\n\n\n<li>plus la diff\u00e9rence de prix est lourde, plus la diff\u00e9rence de prix est rentable<\/li>\n\n\n\n<li>prix progressifs uniform\u00e9ment bas\u00e9s sur le poids tous les 1kg (1kg, 2kg, 3kg,... 20 ou 30kg)<\/li>\n\n\n\n<li>suivi et tra\u00e7abilit\u00e9 en Tha\u00eflande et enfin dans le pays de destination (lors du passage ou du traitement \u00e0 la douane)<\/li>\n\n\n\n<li>d\u00e9lai d'exp\u00e9dition empirique: 2-4 mois!<\/li>\n<\/ul>\n\n\n\n<p>Les frais d'exp\u00e9dition SURFACE ont \u00e9t\u00e9 consid\u00e9rablement augment\u00e9s en avril 2021. Mais plus le colis est lourd, plus la diff\u00e9rence de prix est importante par rapport aux autres m\u00e9thodes d'exp\u00e9dition. Pour cette raison, nous ne donnons g\u00e9n\u00e9ralement pas cette option pour les emballages l\u00e9gers, mais seulement quand cela aurait du sens.<\/p>\n\n\n\n<p>Dans de nombreux pays, l'exp\u00e9dition SURFACE n'est m\u00eame plus une option.<\/p>\n\n\n\n<div id=\"section-g86bd14\" class=\"wp-block-gutentor-e6 section-g86bd14 gutentor-element gutentor-element-image\"><div class=\"gutentor-element-image-box\"><div class=\"gutentor-image-thumb\"><img decoding=\"async\" class=\"normal-image\" src=\"https:\/\/wellness-lagoon.com\/wp-content\/uploads\/2021\/05\/WL_Shipping_Costs_banner-1.jpg\" alt=\"Wellness Lagoon - Shipping Costs (banner)\" \/><\/div><\/div><\/div>\n\n\n\n\n<\/p>","protected":false},"excerpt":{"rendered":"<p>This page is about shipping costs and shipping methods only. For information about OUR shipping regulations, please read &#8220;Shipping &amp; Delivery&#8220;. (Just click on the text) ALL shipments are registered and therefore traceable. ePacket Air &#8211; airmail (max. 2kg) If your order exceeds 2 kg this shipping method won&#8217;t be available in the cart! Hint: [&hellip;]<\/p>\n","protected":false},"author":1,"featured_media":0,"parent":0,"menu_order":30,"comment_status":"closed","ping_status":"closed","template":"","meta":{"footnotes":""},"class_list":["post-200","page","type-page","status-publish","hentry"],"blocksy_meta":{"styles_descriptor":{"styles":{"desktop":"","tablet":"","mobile":""},"google_fonts":[],"version":6}},"_links":{"self":[{"href":"https:\/\/wellness-lagoon.com\/fr\/wp-json\/wp\/v2\/pages\/200","targetHints":{"allow":["GET"]}}],"collection":[{"href":"https:\/\/wellness-lagoon.com\/fr\/wp-json\/wp\/v2\/pages"}],"about":[{"href":"https:\/\/wellness-lagoon.com\/fr\/wp-json\/wp\/v2\/types\/page"}],"author":[{"embeddable":true,"href":"https:\/\/wellness-lagoon.com\/fr\/wp-json\/wp\/v2\/users\/1"}],"replies":[{"embeddable":true,"href":"https:\/\/wellness-lagoon.com\/fr\/wp-json\/wp\/v2\/comments?post=200"}],"version-history":[{"count":9,"href":"https:\/\/wellness-lagoon.com\/fr\/wp-json\/wp\/v2\/pages\/200\/revisions"}],"predecessor-version":[{"id":1066,"href":"https:\/\/wellness-lagoon.com\/fr\/wp-json\/wp\/v2\/pages\/200\/revisions\/1066"}],"wp:attachment":[{"href":"https:\/\/wellness-lagoon.com\/fr\/wp-json\/wp\/v2\/media?parent=200"}],"curies":[{"name":"wp","href":"https:\/\/api.w.org\/{rel}","templated":true}]}}