{"id":207,"date":"2021-05-26T21:09:27","date_gmt":"2021-05-26T14:09:27","guid":{"rendered":"https:\/\/wellness-lagoon.com\/?page_id=207"},"modified":"2023-12-04T14:43:31","modified_gmt":"2023-12-04T07:43:31","slug":"returns-replacements","status":"publish","type":"page","link":"https:\/\/wellness-lagoon.com\/fr\/returns-replacements\/","title":{"rendered":"Retours et remplacements"},"content":{"rendered":"<h2><span style=\"font-family: verdana, geneva, sans-serif;\">Retours et remplacements<\/span><\/h2>\n<p><span style=\"font-family: verdana, geneva, sans-serif;\"><strong>1.<\/strong> Toute r\u00e9clamation conduisant \u00e0 un remboursement, une indemnisation ou un remplacement doit \u00eatre effectu\u00e9e <strong>pas plus de 14 jours apr\u00e8s la r\u00e9ception<\/strong> des marchandises.<\/span><\/p>\n<p><span style=\"font-family: verdana, geneva, sans-serif;\"><strong>2. In any case where we made any mistake we certainly take full responsibility to offer a satisfying compensation, replace the goods at our expense or pay back the amount of your payment<\/strong>. Une photo prouvant notre erreur pourra occasionnellement \u00eatre exig\u00e9e.<\/span><\/p>\n<p><span style=\"font-family: verdana, geneva, sans-serif;\"><strong>3.<\/strong> Nous emballons tous les colis soigneusement et chaleureusement. Si vous <strong>recevez un colis endommag\u00e9<\/strong>, ou si le colis a d\u00e9j\u00e0 \u00e9t\u00e9 visiblement ouvert (par exemple par la douane), veuillez demander au facteur (ou au fournisseur, au douanier, \u2026) d'\u00eatre pr\u00e9sent comme t\u00e9moin lors de l'ouverture du colis. Cela vous assurera que vous pourrez exiger une indemnisation (aupr\u00e8s de la poste nationale ou de la douane).<\/span><\/p>\n<h3><span style=\"font-family: verdana, geneva, sans-serif;\">Retours et remplacements (non caus\u00e9s par une erreur de notre part)<\/span><\/h3>\n<p><span style=\"font-family: verdana, geneva, sans-serif;\">Veuillez comprendre que nous achetons le(s) produit(s) neuf pour chaque commande afin de garantir que les dates d'expiration sont valides et que nous pourrions ne pas \u00eatre en mesure de vendre les produits retourn\u00e9s dans un d\u00e9lai acceptable.<strong><br \/><\/strong><\/span><\/p>\n<p>En raison de ce fait, ainsi que des frais d'exp\u00e9dition \u00e9lev\u00e9s et de nos bas prix de produits,<strong> nous ne pouvons malheureusement pas proposer de retours ou de remplacements<\/strong> (\u00e0 condition de ne pas avoir commis d'erreur).<\/p>\n<p>\u00a0<\/p>\n<p><span style=\"font-family: verdana, geneva, sans-serif;\">Dans tous les cas, si vous n'\u00eates pas satisfait de nos produits, veuillez nous contacter. <strong>Nous sommes convaincus de vendre des produits de bonne qualit\u00e9 et nous serons toujours ouverts \u00e0 des solutions sur lesquelles les deux parties pourront s'entendre.<\/strong> Envoyez simplement un e-mail \u00e0\u00a0: <strong><a href=\"mailto:email@wellness-lagoon.com\" target=\"_blank\" rel=\"noopener\">email@wellness-lagoon.com<\/a>.<\/strong><\/span><\/p>\n\n\n<div class=\"wp-block-group is-layout-flow wp-block-group-is-layout-flow\">\n<div class=\"wp-block-group is-layout-flow wp-block-group-is-layout-flow\">\n<p class=\"has-text-align-center has-vivid-red-color has-text-color\" style=\"font-size:clamp(15.197px, 0.95rem + ((1vw - 3.2px) * 0.61), 23px);px\"><span style=\"font-family: verdana, geneva, sans-serif;\"><strong>Certains pays interdisent l'importation de certains produits par la poste,<\/strong><\/span> <\/p>\n\n\n\n<p class=\"has-text-align-center has-vivid-red-color has-text-color\" style=\"font-size:clamp(15.197px, 0.95rem + ((1vw - 3.2px) * 0.61), 23px);px\">notamment <strong>des produits m\u00e9dicaux<\/strong> aussi bien que <strong>des suppl\u00e9ments de sant\u00e9 et de nourriture<\/strong>, mais m\u00eame pour les cr\u00e8mes et lotions, cela pourrait \u00eatre possible. <\/p>\n\n\n\n<p class=\"has-text-align-center has-vivid-red-color has-text-color\" style=\"font-size:clamp(15.197px, 0.95rem + ((1vw - 3.2px) * 0.61), 23px);px\">Veuillez <strong>renseignez-vous sur les r\u00e9glementations douani\u00e8res et d'importation de votre pays<\/strong> avant de passer commande !<\/p>\n\n\n\n<div class=\"wp-block-columns is-layout-flex wp-container-core-columns-is-layout-28f84493 wp-block-columns-is-layout-flex\">\n<div class=\"wp-block-column is-layout-flow wp-block-column-is-layout-flow\" style=\"flex-basis:100%\">\n<div class=\"wp-block-group is-layout-flow wp-block-group-is-layout-flow\">\n<div class=\"wp-block-columns is-layout-flex wp-container-core-columns-is-layout-28f84493 wp-block-columns-is-layout-flex\">\n<div class=\"wp-block-column is-layout-flow wp-block-column-is-layout-flow\" style=\"flex-basis:100%\">\n<p class=\"has-text-align-center has-palette-color-4-color has-vivid-red-background-color has-text-color has-background has-link-color wp-elements-390a652e37b9eb571fd49c9693137902\" style=\"font-size:clamp(16.293px, 1.018rem + ((1vw - 3.2px) * 0.68), 25px);px\">Si votre commande est <strong>conserv\u00e9s ou confisqu\u00e9s par la douane<\/strong> du pays de destination, <strong>nous (Wellness Lagoon) n'assumerons aucune responsabilit\u00e9<\/strong>.<\/p>\n<\/div>\n<\/div>\n<\/div>\n<\/div>\n<\/div>\n<\/div>\n<\/div>","protected":false},"excerpt":{"rendered":"<p>Returns &amp; replacements 1. Any kinds of complaints leading to a refund, compensation or replacement must be made no more than 14 days after the receipt of the goods. 2. In any case where we made any mistake we certainly take full responsibility to offer a satisfying compensation, replace the goods at our expense or [&hellip;]<\/p>\n","protected":false},"author":1,"featured_media":0,"parent":0,"menu_order":35,"comment_status":"closed","ping_status":"closed","template":"","meta":{"footnotes":""},"class_list":["post-207","page","type-page","status-publish","hentry"],"blocksy_meta":{"styles_descriptor":{"styles":{"desktop":"","tablet":"","mobile":""},"google_fonts":[],"version":6}},"_links":{"self":[{"href":"https:\/\/wellness-lagoon.com\/fr\/wp-json\/wp\/v2\/pages\/207","targetHints":{"allow":["GET"]}}],"collection":[{"href":"https:\/\/wellness-lagoon.com\/fr\/wp-json\/wp\/v2\/pages"}],"about":[{"href":"https:\/\/wellness-lagoon.com\/fr\/wp-json\/wp\/v2\/types\/page"}],"author":[{"embeddable":true,"href":"https:\/\/wellness-lagoon.com\/fr\/wp-json\/wp\/v2\/users\/1"}],"replies":[{"embeddable":true,"href":"https:\/\/wellness-lagoon.com\/fr\/wp-json\/wp\/v2\/comments?post=207"}],"version-history":[{"count":10,"href":"https:\/\/wellness-lagoon.com\/fr\/wp-json\/wp\/v2\/pages\/207\/revisions"}],"predecessor-version":[{"id":1070,"href":"https:\/\/wellness-lagoon.com\/fr\/wp-json\/wp\/v2\/pages\/207\/revisions\/1070"}],"wp:attachment":[{"href":"https:\/\/wellness-lagoon.com\/fr\/wp-json\/wp\/v2\/media?parent=207"}],"curies":[{"name":"wp","href":"https:\/\/api.w.org\/{rel}","templated":true}]}}