{"id":212,"date":"2021-05-26T21:16:38","date_gmt":"2021-05-26T14:16:38","guid":{"rendered":"https:\/\/wellness-lagoon.com\/?page_id=212"},"modified":"2021-05-26T21:16:38","modified_gmt":"2021-05-26T14:16:38","slug":"track-your-shipment","status":"publish","type":"page","link":"https:\/\/wellness-lagoon.com\/fr\/track-your-shipment\/","title":{"rendered":"Suivez votre colis"},"content":{"rendered":"<p><\/p>\r\n<p><span style=\"font-family: verdana, geneva, sans-serif;\">Apr\u00e8s avoir re\u00e7u votre commande et votre paiement, g\u00e9n\u00e9ralement nous envoyons votre commande dans les 24 heures (sauf le samedi apr\u00e8s-midi, le dimanche et les vacances).<\/span><\/p>\r\n<p><span style=\"font-family: verdana, geneva, sans-serif;\">\r\n<\/span><\/p>\r\n<div class=\"wp-block-group has-background\" style=\"background-color: #c7fff5;\">\r\n<div class=\"wp-block-group__inner-container is-layout-flow wp-block-group-is-layout-flow\"><span style=\"font-family: verdana, geneva, sans-serif;\"><\/span>\r\n<p><span style=\"font-family: verdana, geneva, sans-serif;\"><strong>Nous contactons toujours nos clients par e-mail<\/strong> et fournissins le num\u00e9ro d'exp\u00e9dition \/ suivi, de suivi des sites Web et d'autres informations sur la commande et l'exp\u00e9dition. <\/span><\/p>\r\n<span style=\"font-family: verdana, geneva, sans-serif;\">\r\n<\/span>\r\n<p><span style=\"font-family: verdana, geneva, sans-serif;\">Si vous n'avez pas re\u00e7u l'e-mail de nous, veuillez contr\u00f4ler vos dossiers spam\/ind\u00e9sirables. S'il n'y a pas d'e-mail dans votre spam, veuillez nous contacter:\u00a0<\/span><\/p>\r\n<span style=\"font-family: verdana, geneva, sans-serif;\">\r\n<\/span>\r\n<p><a href=\"mailto:email@wellness-lagoon.com\"><strong><span style=\"font-family: verdana, geneva, sans-serif;\">email@wellness-lagoon.com<\/span><\/strong><\/a><\/p>\r\n<span style=\"font-family: verdana, geneva, sans-serif;\"><\/span><\/div>\r\n<\/div>\r\n<p><span style=\"font-family: verdana, geneva, sans-serif;\">\r\n<\/span><\/p>\r\n<p><span style=\"font-family: verdana, geneva, sans-serif;\">Le <strong>num\u00e9ro d'exp\u00e9dition \/ inscription \/ suivi<\/strong> est un code \u00e0 13 chiffres qui ressemble g\u00e9n\u00e9ralement \u00e0 ceci: <strong>RR123456789TH<\/strong>, <strong>LX123456789TH<\/strong>, <strong>CP123456789TH<\/strong>, <strong>EE123456789TH<\/strong>, &#8230;<\/span><\/p>\r\n<p><span style=\"font-family: verdana, geneva, sans-serif;\"><\/span><\/p>\r\n<p><span style=\"font-family: verdana, geneva, sans-serif;\">Vous devriez pouvoir suivre votre envoi sur les sites Web de suivi en ligne availlable, voici nos recommandations:<\/span><\/p>\r\n<table class=\"aligncenter\" style=\"width: 102.254%; border-collapse: collapse; border-style: hidden; height: 182px;\">\r\n<tbody>\r\n<tr style=\"border-style: hidden;\">\r\n<td style=\"width: 50%; height: 81px; text-align: center; border-style: hidden; vertical-align: middle;\"><span style=\"font-family: verdana, geneva, sans-serif;\"><a href=\"https:\/\/track.thailandpost.co.th\/?lang=en\" target=\"_blank\" rel=\"noopener noreferrer\"><img loading=\"lazy\" decoding=\"async\" class=\"wp-image-16325 aligncenter\" src=\"https:\/\/moleculecargopants.com\/wp-content\/uploads\/Thailand-Post_Tracking.gif\" alt=\"Thailand Post Tracking Website\" width=\"200\" height=\"33\" \/><\/a><\/span><\/td>\r\n<td style=\"width: 52.2541%; height: 81px; border-style: hidden; vertical-align: middle; text-align: left;\"><span style=\"font-size: 14pt; font-family: verdana, geneva, sans-serif;\"><strong><a class=\"rank-math-link\" href=\"https:\/\/track.thailandpost.co.th\/?lang=en\" target=\"_blank\" rel=\"noopener noreferrer\">Thailand Post Tracking<\/a><\/strong><\/span><\/td>\r\n<\/tr>\r\n<tr style=\"border-style: hidden;\">\r\n<td style=\"width: 50%; height: 33px; text-align: center; border-style: hidden; vertical-align: middle;\"><span style=\"font-family: verdana, geneva, sans-serif;\"><a href=\"https:\/\/www.17track.net\/en\" target=\"_blank\" rel=\"noopener noreferrer\"><img loading=\"lazy\" decoding=\"async\" class=\"wp-image-16326 aligncenter\" src=\"https:\/\/moleculecargopants.com\/wp-content\/uploads\/17Track.gif\" alt=\"17Track Website\" width=\"200\" height=\"33\" \/><\/a><\/span><\/td>\r\n<td style=\"width: 52.2541%; height: 33px; border-style: hidden; vertical-align: middle; text-align: left;\"><span style=\"font-size: 14pt; font-family: verdana, geneva, sans-serif;\"><strong><a class=\"rank-math-link\" href=\"https:\/\/www.17track.net\/en\" target=\"_blank\" rel=\"noopener\">17.Track \u2013 Tracking Website<\/a><\/strong><\/span><\/td>\r\n<\/tr>\r\n<tr style=\"border-style: hidden;\">\r\n<td style=\"width: 50%; height: 23px; text-align: center; border-style: hidden; vertical-align: middle;\"><span style=\"font-family: verdana, geneva, sans-serif;\"><a href=\"http:\/\/globaltracktrace.ptc.post\/gtt.web\/\" target=\"_blank\" rel=\"noopener noreferrer\"><img loading=\"lazy\" decoding=\"async\" class=\"wp-image-16328 aligncenter\" src=\"https:\/\/moleculecargopants.com\/wp-content\/uploads\/Global-Track-and-Trace.gif\" alt=\"\" width=\"200\" height=\"21\" \/><\/a><\/span><\/td>\r\n<td style=\"width: 52.2541%; height: 23px; border-style: hidden; vertical-align: middle; text-align: left;\"><span style=\"font-size: 14pt; font-family: verdana, geneva, sans-serif;\"><strong><a class=\"rank-math-link\" href=\"http:\/\/globaltracktrace.ptc.post\/gtt.web\/\" target=\"_blank\" rel=\"noopener\">Global Track &amp; Trace \u2013 Tracking Website<\/a><\/strong><\/span><\/td>\r\n<\/tr>\r\n<tr style=\"border-style: hidden;\">\r\n<td style=\"width: 50%; height: 45px; text-align: center; border-style: hidden; vertical-align: middle;\"><span style=\"font-family: verdana, geneva, sans-serif;\"><a href=\"https:\/\/www.parcelmonitor.com\/\" target=\"_blank\" rel=\"noopener noreferrer\"><img loading=\"lazy\" decoding=\"async\" class=\"wp-image-16327 aligncenter\" src=\"https:\/\/moleculecargopants.com\/wp-content\/uploads\/image.png\" alt=\"Parcel Monitor - Tracking Website\" width=\"200\" height=\"46\" \/><\/a><\/span><\/td>\r\n<td style=\"width: 52.2541%; height: 45px; border-style: hidden; vertical-align: middle; text-align: left;\"><span style=\"font-size: 14pt; font-family: verdana, geneva, sans-serif;\"><strong><a class=\"rank-math-link\" href=\"https:\/\/www.parcelmonitor.com\/\" target=\"_blank\" rel=\"noopener\">Parcelmonitor \u2013 Tracking Website<\/a><\/strong><\/span><\/td>\r\n<\/tr>\r\n<\/tbody>\r\n<\/table>\r\n<p>&nbsp;<\/p>\r\n<p>&nbsp;<\/p>\r\n<p><span style=\"font-family: verdana, geneva, sans-serif;\">Vous \u00e9paule alors pouvoir suivre votre colis sur la<strong> site Web de suivi de votre service postal national <\/strong>(PAR EXEMPLE. <strong><a href=\"https:\/\/usps-track.us\/\" target=\"_blank\" rel=\"noopener\">USPS<\/a><\/strong>, <strong><a href=\"https:\/\/www.laposte.fr\/outils\/track-a-parcel\" target=\"_blank\" rel=\"noopener\">LAPOSTE<\/a><\/strong>, &#8230;).<\/span><\/p>\r\n<p><span style=\"font-family: verdana, geneva, sans-serif;\"><\/span><\/p>\r\n<p class=\"has-pale-cyan-blue-background-color has-background\" style=\"background-color: #c7fff5;\"><span style=\"font-family: verdana, geneva, sans-serif;\"><strong>Remarque: le suivi n'est possible qu'en Tha\u00eflande et apr\u00e8s le traitement de l'article par le service postal national dans le pays de destination.<\/strong> Dans certains pays, il semble \u00eatre d'usage d'attendre et de laisser rester les colis pendant un certain temps avant qu'ils soient finalement trait\u00e9s (surtout depuis Covid.19).<\/span><\/p>\r\n<p><span style=\"font-family: verdana, geneva, sans-serif;\"><\/span><\/p>\r\n<p><span style=\"font-family: verdana, geneva, sans-serif;\">Si vous avez des questions, n'h\u00e9sitez pas \u00e0 nous contacter directement. Meilleure r\u00e9ponse \u00e0 notre e-mail avec vos informations de commande et d'exp\u00e9dition ou r\u00e9diger un nouvel e-mail \u00e0: <a href=\"mailto:email@wellness-lagoon.com\"><strong>email@wellness-lagoon.com<\/strong><\/a>.<\/span><\/p>","protected":false},"excerpt":{"rendered":"<p>After receiving your order and payment, we usually send your order within 24 hours (except Saturday afternoons, Sundays and holidays). We always contact our customers via email and provide shipping \/ tracking number, tracking websites and other order and shipping related information. Should you NOT RECEIVE such email, please check your Spam and Junk folders. [&hellip;]<\/p>\n","protected":false},"author":1,"featured_media":0,"parent":0,"menu_order":51,"comment_status":"closed","ping_status":"closed","template":"","meta":{"footnotes":""},"class_list":["post-212","page","type-page","status-publish","hentry"],"blocksy_meta":{"styles_descriptor":{"styles":{"desktop":"","tablet":"","mobile":""},"google_fonts":[],"version":6}},"_links":{"self":[{"href":"https:\/\/wellness-lagoon.com\/fr\/wp-json\/wp\/v2\/pages\/212","targetHints":{"allow":["GET"]}}],"collection":[{"href":"https:\/\/wellness-lagoon.com\/fr\/wp-json\/wp\/v2\/pages"}],"about":[{"href":"https:\/\/wellness-lagoon.com\/fr\/wp-json\/wp\/v2\/types\/page"}],"author":[{"embeddable":true,"href":"https:\/\/wellness-lagoon.com\/fr\/wp-json\/wp\/v2\/users\/1"}],"replies":[{"embeddable":true,"href":"https:\/\/wellness-lagoon.com\/fr\/wp-json\/wp\/v2\/comments?post=212"}],"version-history":[{"count":1,"href":"https:\/\/wellness-lagoon.com\/fr\/wp-json\/wp\/v2\/pages\/212\/revisions"}],"predecessor-version":[{"id":213,"href":"https:\/\/wellness-lagoon.com\/fr\/wp-json\/wp\/v2\/pages\/212\/revisions\/213"}],"wp:attachment":[{"href":"https:\/\/wellness-lagoon.com\/fr\/wp-json\/wp\/v2\/media?parent=212"}],"curies":[{"name":"wp","href":"https:\/\/api.w.org\/{rel}","templated":true}]}}