{"id":214,"date":"2021-05-26T21:17:48","date_gmt":"2021-05-26T14:17:48","guid":{"rendered":"https:\/\/wellness-lagoon.com\/?page_id=214"},"modified":"2021-05-26T21:17:48","modified_gmt":"2021-05-26T14:17:48","slug":"contact-us","status":"publish","type":"page","link":"https:\/\/wellness-lagoon.com\/fr\/contact-us\/","title":{"rendered":"Contactez nous"},"content":{"rendered":"<p style=\"text-align: center;\"><span style=\"font-family: verdana, geneva, sans-serif;\">Si vous avez des questions ou souhaitez nous contacter pour une raison quelconque, veuillez \u00e9crire un e-mail \u00e0:<\/span><\/p>\n<h3 style=\"text-align: center;\"><a href=\"mailto:email@wellness-lagoon.com\"><span style=\"font-family: verdana, geneva, sans-serif;\">email@wellness-lagoon.com<\/span><\/a><\/h3>\n<p style=\"text-align: center;\"><span style=\"font-family: verdana, geneva, sans-serif;\">Nous essayons de r\u00e9pondre d\u00e8s que possible, mais sachez que nous vivons probablement dans fuseaux horaires diff\u00e9rents.<\/span><\/p>","protected":false},"excerpt":{"rendered":"<p>If you have any questions, or wish to contact us for any reason, please write an email to: email@wellness-lagoon.com We try to answer asap, but please be aware that we probably live in different time zones.<\/p>","protected":false},"author":1,"featured_media":0,"parent":0,"menu_order":99,"comment_status":"closed","ping_status":"closed","template":"","meta":{"footnotes":""},"class_list":["post-214","page","type-page","status-publish","hentry"],"blocksy_meta":{"styles_descriptor":{"styles":{"desktop":"","tablet":"","mobile":""},"google_fonts":[],"version":6}},"_links":{"self":[{"href":"https:\/\/wellness-lagoon.com\/fr\/wp-json\/wp\/v2\/pages\/214","targetHints":{"allow":["GET"]}}],"collection":[{"href":"https:\/\/wellness-lagoon.com\/fr\/wp-json\/wp\/v2\/pages"}],"about":[{"href":"https:\/\/wellness-lagoon.com\/fr\/wp-json\/wp\/v2\/types\/page"}],"author":[{"embeddable":true,"href":"https:\/\/wellness-lagoon.com\/fr\/wp-json\/wp\/v2\/users\/1"}],"replies":[{"embeddable":true,"href":"https:\/\/wellness-lagoon.com\/fr\/wp-json\/wp\/v2\/comments?post=214"}],"version-history":[{"count":1,"href":"https:\/\/wellness-lagoon.com\/fr\/wp-json\/wp\/v2\/pages\/214\/revisions"}],"predecessor-version":[{"id":215,"href":"https:\/\/wellness-lagoon.com\/fr\/wp-json\/wp\/v2\/pages\/214\/revisions\/215"}],"wp:attachment":[{"href":"https:\/\/wellness-lagoon.com\/fr\/wp-json\/wp\/v2\/media?parent=214"}],"curies":[{"name":"wp","href":"https:\/\/api.w.org\/{rel}","templated":true}]}}