{"id":319,"date":"2021-05-30T16:31:53","date_gmt":"2021-05-30T09:31:53","guid":{"rendered":"https:\/\/wellness-lagoon.com\/?post_type=product&#038;p=319"},"modified":"2025-07-19T07:44:05","modified_gmt":"2025-07-19T00:44:05","slug":"6x-siang-pure-inhaler-rub-formula-ii","status":"publish","type":"product","link":"https:\/\/wellness-lagoon.com\/fr\/produit\/6x-siang-pure-inhaler-rub-formula-ii\/","title":{"rendered":"6x Inhalateur Siang Pure \u2013 Formule II \u2013 Inhalateur nasal et friction"},"content":{"rendered":"<div data-id='wppg_4038159' class=\"woocommerce wppg-product-outer-wrapper-646674369 wppg-main-product-wrapper wppg-grid-template-2 wppg-grid wppg-desktop-col-4\" >\n       \n    <div class=\"wppg-layout-grid-section wppg-clearfix\" >\n             <div class=\"wppg-inner-wrap\">\r\n    <div class=\"wppg-inner-wrap-contain\">\r\n                    <div class=\"wppg-image-hover-wrap\">\r\n                <div class=\"wppg-image-second-container\">\r\n                    <div class=\"wppg-image\">\n                    <a href=\"https:\/\/wellness-lagoon.com\/fr\/produit\/6x-siang-pure-inhaler-rub-formula-ii\/\" target=\"_blank\">\n                    <img loading=\"lazy\" decoding=\"async\" width=\"1200\" height=\"1200\" src=\"https:\/\/wellness-lagoon.com\/wp-content\/uploads\/2021\/05\/Siang-Pure-Oil_Inhaler_6-pack.jpg\" class=\"attachment-full size-full wp-post-image\" alt=\"6x Siang Pure Inhaler - Formula II - Nasal Inhaler &amp; Rub\" srcset=\"https:\/\/wellness-lagoon.com\/wp-content\/uploads\/2021\/05\/Siang-Pure-Oil_Inhaler_6-pack.jpg 1200w, https:\/\/wellness-lagoon.com\/wp-content\/uploads\/2021\/05\/Siang-Pure-Oil_Inhaler_6-pack-300x300.jpg 300w, https:\/\/wellness-lagoon.com\/wp-content\/uploads\/2021\/05\/Siang-Pure-Oil_Inhaler_6-pack-100x100.jpg 100w, https:\/\/wellness-lagoon.com\/wp-content\/uploads\/2021\/05\/Siang-Pure-Oil_Inhaler_6-pack-600x600.jpg 600w\" sizes=\"auto, (max-width: 1200px) 100vw, 1200px\" \/>                <\/a>\n                <\/div>\n\n\n                <\/div>\r\n            <\/div>\r\n            <div class=\"wppg-top-wrap\">\r\n                            <\/div>\r\n            <div class=\"wppg-details-wrap\">\r\n                <div class=\"wppg-price\">\r\n    \n\t<span class=\"price\"><span class=\"sale-price\"><del aria-hidden=\"true\"><span class=\"woocommerce-Price-amount amount\"><bdi><span class=\"woocommerce-Price-currencySymbol\">&#3647;<\/span>&nbsp;300<\/bdi><\/span><\/del> <span class=\"screen-reader-text\" data-no-translation=\"\" data-trp-gettext=\"\">Le prix initial \u00e9tait\u00a0: &#3647;&nbsp;300.<\/span><ins aria-hidden=\"true\"><span class=\"woocommerce-Price-amount amount\"><bdi><span class=\"woocommerce-Price-currencySymbol\">&#3647;<\/span>&nbsp;300<\/bdi><\/span><\/ins><span class=\"screen-reader-text\" data-no-translation=\"\" data-trp-gettext=\"\">Le prix actuel est\u00a0: &#3647;&nbsp;300.<\/span><\/span><\/span>\n<\/div>                <div class=\"wppg-buttons-collection wppg-clearfix\">\r\n                                    <\/div>\r\n                            <\/div>\r\n                <\/div>\r\n\r\n<\/div>\r\n<div class=\"wppg-inner-wrap\">\r\n    <div class=\"wppg-inner-wrap-contain\">\r\n                    <div class=\"wppg-image-hover-wrap\">\r\n                <div class=\"wppg-image-second-container\">\r\n                    <div class=\"wppg-image\">\n                    <a href=\"https:\/\/wellness-lagoon.com\/fr\/produit\/12x-siang-pure-inhaler-rub-formula-ii\/\" target=\"_blank\">\n                    <img loading=\"lazy\" decoding=\"async\" width=\"1200\" height=\"1200\" src=\"https:\/\/wellness-lagoon.com\/wp-content\/uploads\/2021\/05\/Siang-Pure-Oil_Inhaler_12-pack.jpg\" class=\"attachment-full size-full wp-post-image\" alt=\"12x Siang Pure Inhaler - Formula II - Nasal Inhaler &amp; Rub\" srcset=\"https:\/\/wellness-lagoon.com\/wp-content\/uploads\/2021\/05\/Siang-Pure-Oil_Inhaler_12-pack.jpg 1200w, https:\/\/wellness-lagoon.com\/wp-content\/uploads\/2021\/05\/Siang-Pure-Oil_Inhaler_12-pack-300x300.jpg 300w, https:\/\/wellness-lagoon.com\/wp-content\/uploads\/2021\/05\/Siang-Pure-Oil_Inhaler_12-pack-100x100.jpg 100w, https:\/\/wellness-lagoon.com\/wp-content\/uploads\/2021\/05\/Siang-Pure-Oil_Inhaler_12-pack-600x600.jpg 600w\" sizes=\"auto, (max-width: 1200px) 100vw, 1200px\" \/>                <\/a>\n                <\/div>\n\n\n                <\/div>\r\n            <\/div>\r\n            <div class=\"wppg-top-wrap\">\r\n                            <\/div>\r\n            <div class=\"wppg-details-wrap\">\r\n                <div class=\"wppg-price\">\r\n    \n\t<span class=\"price\"><span class=\"sale-price\"><del aria-hidden=\"true\"><span class=\"woocommerce-Price-amount amount\"><bdi><span class=\"woocommerce-Price-currencySymbol\">&#3647;<\/span>&nbsp;500<\/bdi><\/span><\/del> <span class=\"screen-reader-text\" data-no-translation=\"\" data-trp-gettext=\"\">Le prix initial \u00e9tait\u00a0: &#3647;&nbsp;500.<\/span><ins aria-hidden=\"true\"><span class=\"woocommerce-Price-amount amount\"><bdi><span class=\"woocommerce-Price-currencySymbol\">&#3647;<\/span>&nbsp;449<\/bdi><\/span><\/ins><span class=\"screen-reader-text\" data-no-translation=\"\" data-trp-gettext=\"\">Le prix actuel est\u00a0: &#3647;&nbsp;449.<\/span><\/span><\/span>\n<\/div>                <div class=\"wppg-buttons-collection wppg-clearfix\">\r\n                                    <\/div>\r\n                            <\/div>\r\n                <\/div>\r\n\r\n<\/div>\r\n<div class=\"wppg-inner-wrap\">\r\n    <div class=\"wppg-inner-wrap-contain\">\r\n                    <div class=\"wppg-image-hover-wrap\">\r\n                <div class=\"wppg-image-second-container\">\r\n                    <div class=\"wppg-image\">\n                    <a href=\"https:\/\/wellness-lagoon.com\/fr\/produit\/24x-siang-pure-inhaler-rub-formula-ii\/\" target=\"_blank\">\n                    <img loading=\"lazy\" decoding=\"async\" width=\"1200\" height=\"1200\" src=\"https:\/\/wellness-lagoon.com\/wp-content\/uploads\/2021\/05\/Siang-Pure-Oil_Inhaler_24-pack.jpg\" class=\"attachment-full size-full wp-post-image\" alt=\"24x Siang Pure Inhaler - Formula II - Nasal Inhaler &amp; Rub\" srcset=\"https:\/\/wellness-lagoon.com\/wp-content\/uploads\/2021\/05\/Siang-Pure-Oil_Inhaler_24-pack.jpg 1200w, https:\/\/wellness-lagoon.com\/wp-content\/uploads\/2021\/05\/Siang-Pure-Oil_Inhaler_24-pack-300x300.jpg 300w, https:\/\/wellness-lagoon.com\/wp-content\/uploads\/2021\/05\/Siang-Pure-Oil_Inhaler_24-pack-100x100.jpg 100w, https:\/\/wellness-lagoon.com\/wp-content\/uploads\/2021\/05\/Siang-Pure-Oil_Inhaler_24-pack-600x600.jpg 600w\" sizes=\"auto, (max-width: 1200px) 100vw, 1200px\" \/>                <\/a>\n                <\/div>\n\n\n                <\/div>\r\n            <\/div>\r\n            <div class=\"wppg-top-wrap\">\r\n                            <\/div>\r\n            <div class=\"wppg-details-wrap\">\r\n                <div class=\"wppg-price\">\r\n    \n\t<span class=\"price\"><span class=\"sale-price\"><del aria-hidden=\"true\"><span class=\"woocommerce-Price-amount amount\"><bdi><span class=\"woocommerce-Price-currencySymbol\">&#3647;<\/span>&nbsp;900<\/bdi><\/span><\/del> <span class=\"screen-reader-text\" data-no-translation=\"\" data-trp-gettext=\"\">Le prix initial \u00e9tait\u00a0: &#3647;&nbsp;900.<\/span><ins aria-hidden=\"true\"><span class=\"woocommerce-Price-amount amount\"><bdi><span class=\"woocommerce-Price-currencySymbol\">&#3647;<\/span>&nbsp;809<\/bdi><\/span><\/ins><span class=\"screen-reader-text\" data-no-translation=\"\" data-trp-gettext=\"\">Le prix actuel est\u00a0: &#3647;&nbsp;809.<\/span><\/span><\/span>\n<\/div>                <div class=\"wppg-buttons-collection wppg-clearfix\">\r\n                                    <\/div>\r\n                            <\/div>\r\n                <\/div>\r\n\r\n<\/div>\r\n<div class=\"wppg-inner-wrap\">\r\n    <div class=\"wppg-inner-wrap-contain\">\r\n                    <div class=\"wppg-image-hover-wrap\">\r\n                <div class=\"wppg-image-second-container\">\r\n                    <div class=\"wppg-image\">\n                    <a href=\"https:\/\/wellness-lagoon.com\/fr\/produit\/48x-siang-pure-inhaler-rub-formula-ii\/\" target=\"_blank\">\n                    <img loading=\"lazy\" decoding=\"async\" width=\"1200\" height=\"1200\" src=\"https:\/\/wellness-lagoon.com\/wp-content\/uploads\/2021\/05\/Siang-Pure-Oil_Inhaler_48-pack.jpg\" class=\"attachment-full size-full wp-post-image\" alt=\"48x Siang Pure Inhaler - Formula II - Nasal Inhaler &amp; Rub\" srcset=\"https:\/\/wellness-lagoon.com\/wp-content\/uploads\/2021\/05\/Siang-Pure-Oil_Inhaler_48-pack.jpg 1200w, https:\/\/wellness-lagoon.com\/wp-content\/uploads\/2021\/05\/Siang-Pure-Oil_Inhaler_48-pack-300x300.jpg 300w, https:\/\/wellness-lagoon.com\/wp-content\/uploads\/2021\/05\/Siang-Pure-Oil_Inhaler_48-pack-100x100.jpg 100w, https:\/\/wellness-lagoon.com\/wp-content\/uploads\/2021\/05\/Siang-Pure-Oil_Inhaler_48-pack-600x600.jpg 600w\" sizes=\"auto, (max-width: 1200px) 100vw, 1200px\" \/>                <\/a>\n                <\/div>\n\n\n                <\/div>\r\n            <\/div>\r\n            <div class=\"wppg-top-wrap\">\r\n                            <\/div>\r\n            <div class=\"wppg-details-wrap\">\r\n                <div class=\"wppg-price\">\r\n    \n\t<span class=\"price\"><span class=\"sale-price\"><del aria-hidden=\"true\"><span class=\"woocommerce-Price-amount amount\"><bdi><span class=\"woocommerce-Price-currencySymbol\">&#3647;<\/span>&nbsp;1,700<\/bdi><\/span><\/del> <span class=\"screen-reader-text\" data-no-translation=\"\" data-trp-gettext=\"\">Le prix initial \u00e9tait\u00a0: &#3647;&nbsp;1,700.<\/span><ins aria-hidden=\"true\"><span class=\"woocommerce-Price-amount amount\"><bdi><span class=\"woocommerce-Price-currencySymbol\">&#3647;<\/span>&nbsp;1,529<\/bdi><\/span><\/ins><span class=\"screen-reader-text\" data-no-translation=\"\" data-trp-gettext=\"\">Le prix actuel est\u00a0: &#3647;&nbsp;1,529.<\/span><\/span><\/span>\n<\/div>                <div class=\"wppg-buttons-collection wppg-clearfix\">\r\n                                    <\/div>\r\n                            <\/div>\r\n                <\/div>\r\n\r\n<\/div>\r\n    <\/div>\n<\/div>\n\n\n\n\n<h2 style=\"padding-left: 120px;\"><span style=\"font-family: verdana, geneva, sans-serif;\"><img loading=\"lazy\" decoding=\"async\" class=\"wp-image-323 size-medium alignright\" src=\"https:\/\/wellness-lagoon.com\/wp-content\/uploads\/2021\/05\/Siang-Pure-Oil_Inhaler_unpacked_open-239x300.png\" alt=\"Siang Pure Inhaler - Formula II - Nasal Inhaler &amp; Rub\" width=\"239\" height=\"300\" \/><\/span><\/h2>\n<h2 style=\"padding-left: 120px;\"><span style=\"font-family: verdana, geneva, sans-serif;\">Inhalateur Siang Pure (paquet de 6)<\/span><\/h2>\n<p><span style=\"font-family: verdana, geneva, sans-serif;\">Stick pour inhalateur nasal contenant <a title=\"Huile essentielle (Wikip\u00e9dia)\" href=\"https:\/\/en.wikipedia.org\/wiki\/Essential_oil\" target=\"_blank\" rel=\"noopener\"><strong>Huile essentielle (Wikip\u00e9dia)<\/strong><\/a>. Net 2 ml (poids brut : 10 g) \/ par inhalateur.<\/span><\/p>\n<p><span style=\"font-family: verdana, geneva, sans-serif; font-size: 12pt;\">Avec ses effets divers et ses applications possibles, l'inhalateur Siang Pure est tr\u00e8s populaire en Tha\u00eflande et est \u00e9galement de plus en plus d\u00e9couvert par les \u00ab \u00e9trangers \u00bb et les touristes comme \u00e9tant leur compagnon constant.<\/span><\/p>\n<p><span style=\"font-family: verdana, geneva, sans-serif;\">Les produits Siang Pure Oil sont bien connus en Asie du Sud-Est pour leurs propri\u00e9t\u00e9s apaisantes, calmantes et rafra\u00eechissantes.<\/span><br \/>\n<span style=\"font-family: verdana, geneva, sans-serif;\">Ainsi, cet inhalateur Siang Pure est l\u2019un des inhalateurs nasaux les plus connus, assez similaire \u00e0 l\u2019inhalateur nasal Poy Sian.<\/span><\/p>\n<h3 style=\"padding-left: 40px;\"><span style=\"font-family: verdana, geneva, sans-serif;\">champ d'application:<\/span><\/h3>\n<p><span style=\"font-family: verdana, geneva, sans-serif; font-size: 12pt;\">L'inhalateur nasal Siang Pure rend de pr\u00e9cieux services en cas de fatigue, de rel\u00e2chement, de malaises, de naus\u00e9es, de vertiges, d'odeurs d\u00e9sagr\u00e9ables, de maux de t\u00eate, de l\u00e9gers sympt\u00f4mes grippaux, de congestion nasale, de d\u00e9mangeaisons, de piq\u00fbres d'insectes, ou encore de sevrage nicotinique.<\/span><\/p>\n<p><span style=\"font-family: verdana, geneva, sans-serif; font-size: 12pt;\">Ce petit et pratique b\u00e2ton inhalateur Siang Pure tient dans toutes les poches \u2013 il suffit de le tenir pr\u00e8s (ou dans) de votre nez et d'inspirer pour un soulagement rapide et une sensation apaisante.<\/span><\/p>\n<h3 style=\"padding-left: 40px; text-align: left;\"><span style=\"font-family: verdana, geneva, sans-serif;\"><strong>Ingr\u00e9dients:<\/strong><\/span><\/h3>\n<p style=\"text-align: left;\"><span style=\"font-family: verdana, geneva, sans-serif;\"><strong>Menthol<\/strong> 53,0 %, <strong>Huile d'eucalyptus <\/strong>32,0 %, <strong>Camphre<\/strong> 2,0 %,\u00a0<strong>Born\u00e9ol<\/strong> 1,5 %<\/span><\/p>\n<p><span style=\"font-family: verdana, geneva, sans-serif;\"><img loading=\"lazy\" decoding=\"async\" class=\"wp-image-327 size-full alignleft\" title=\"Poy-Sian Inhaler Mark II\" src=\"https:\/\/wellness-lagoon.com\/wp-content\/uploads\/2021\/05\/Siang-Pure-Inhaler_open_oil-drop_apply.jpg\" alt=\"Siang Pure Inhaler - Formula II - Nasal Inhaler &amp; Rub - open\" width=\"280\" height=\"217\" \/><\/span><\/p>\n<h3><span style=\"font-family: verdana, geneva, sans-serif;\">Indice:<\/span><\/h3>\n<p><span style=\"font-family: verdana, geneva, sans-serif;\">Vous pouvez \u00e9galement d\u00e9visser le fond et appliquer des gouttes d'huile directement, par ex. sur les piq\u00fbres d'insectes.<\/span><\/p>\n<p><span style=\"font-family: verdana, geneva, sans-serif;\">Surtout pour les piq\u00fbres d\u2019insectes, cette huile peut faire des merveilles si elle est appliqu\u00e9e t\u00f4t et avant de gratter !<\/span><\/p>\n<h3><span style=\"font-family: verdana, geneva, sans-serif;\"><strong>Prudence:<\/strong> <\/span><\/h3>\n<ul>\n<li><span style=\"font-family: verdana, geneva, sans-serif;\">Faites <strong>attention \u00e0 ne pas mettre d'huile dans (ou \u00e0 proximit\u00e9) de vos yeux, de vos plaies ouvertes, de vos muqueuses, etc !!!<\/strong><\/span><\/li>\n<li><span style=\"font-family: verdana, geneva, sans-serif;\"><strong>Cet inhalateur nasal ne remplace et ne remplace aucun m\u00e9dicament.<\/strong> <\/span><\/li>\n<li><span style=\"font-family: verdana, geneva, sans-serif;\">L'huile est d'origine naturelle et ne contient aucune substance anti-inflammatoire. <\/span><\/li>\n<li><span style=\"font-family: verdana, geneva, sans-serif;\"><strong>Les muqueuses enfl\u00e9es ne se d\u00e9t\u00e9rioreront pas lors de l'application. <\/strong>L\u2019effet de l\u2019inhalation ou de l\u2019application de l\u2019huile ne doit donc pas \u00eatre surestim\u00e9. <strong>Cependant, aucune d\u00e9pendance (comme avec le spray nasal d\u00e9tumescent) ne peut survenir.<\/strong><\/span><\/li>\n<\/ul>\n<h3><span style=\"font-family: verdana, geneva, sans-serif;\"><strong>Note:<\/strong> <\/span><\/h3>\n<p><span style=\"font-family: verdana, geneva, sans-serif;\">Nous tenons \u00e0 souligner que nous ne stockons g\u00e9n\u00e9ralement PAS de baumes, huiles, cr\u00e8mes et autres produits de sant\u00e9 et de soins car ils ont une date de p\u00e9remption, mais que nous achetons toujours ces produits \u00ab frais \u00bb pour chaque commande. Par cons\u00e9quent, l'exp\u00e9dition peut \u00e9ventuellement \u00eatre retard\u00e9e de 1 \u00e0 2 jours.<img loading=\"lazy\" decoding=\"async\" class=\"size-medium wp-image-343 alignright\" src=\"https:\/\/wellness-lagoon.com\/wp-content\/uploads\/2021\/05\/Siang-Pure_Inhaler_Label-300x150.jpg\" alt=\"Siang Pure Inhaler\" width=\"300\" height=\"150\" \/><\/span><\/p>\n<p><span style=\"font-family: verdana, geneva, sans-serif;\"><img loading=\"lazy\" decoding=\"async\" class=\"size-medium wp-image-335 alignleft\" src=\"https:\/\/wellness-lagoon.com\/wp-content\/uploads\/2021\/05\/Siang-Pure_Label-300x300.png\" alt=\"Siang Pure Inhaler - Formula II - Nasal Inhaler &amp; Rub - Label\" width=\"300\" height=\"300\" srcset=\"https:\/\/wellness-lagoon.com\/wp-content\/uploads\/2021\/05\/Siang-Pure_Label-300x300.png 300w, https:\/\/wellness-lagoon.com\/wp-content\/uploads\/2021\/05\/Siang-Pure_Label-100x100.png 100w, https:\/\/wellness-lagoon.com\/wp-content\/uploads\/2021\/05\/Siang-Pure_Label.png 350w\" sizes=\"auto, (max-width: 300px) 100vw, 300px\" \/><\/span><\/p>","protected":false},"excerpt":{"rendered":"<ul>\n<li><span style=\"font-family: verdana, geneva, sans-serif;\">6x b\u00e2ton d'inhalateur<\/span><\/li>\n<li><span style=\"font-family: verdana, geneva, sans-serif;\">apaisant, rafra\u00eechissant et soulageant<\/span><\/li>\n<li><span style=\"font-family: verdana, geneva, sans-serif;\">huile essentielle naturelle<\/span><\/li>\n<li><span style=\"font-family: verdana, geneva, sans-serif;\">inhaler ou appliquer l\u2019huile directement<\/span><\/li>\n<li><span style=\"font-family: verdana, geneva, sans-serif;\">2 ml<\/span><\/li>\n<\/ul>","protected":false},"featured_media":363,"comment_status":"open","ping_status":"closed","template":"","meta":[],"product_brand":[],"product_cat":[16],"product_tag":[22,29,28,26,30,36,20,27,19,24,35,76,25],"class_list":{"0":"post-319","1":"product","2":"type-product","3":"status-publish","4":"has-post-thumbnail","6":"product_cat-nasal-inhaler","7":"product_tag-6-pack","8":"product_tag-borneol","9":"product_tag-camphor","10":"product_tag-essential-oil","11":"product_tag-eucalyptus-oil","12":"product_tag-formula-ii","13":"product_tag-inhaler","14":"product_tag-menthol","15":"product_tag-nasal","16":"product_tag-oil","17":"product_tag-siang-pure","18":"product_tag-siang-pure-inhaler","19":"product_tag-stick","21":"first","22":"onbackorder","23":"sale","24":"shipping-taxable","25":"purchasable","26":"product-type-simple"},"_links":{"self":[{"href":"https:\/\/wellness-lagoon.com\/fr\/wp-json\/wp\/v2\/product\/319","targetHints":{"allow":["GET"]}}],"collection":[{"href":"https:\/\/wellness-lagoon.com\/fr\/wp-json\/wp\/v2\/product"}],"about":[{"href":"https:\/\/wellness-lagoon.com\/fr\/wp-json\/wp\/v2\/types\/product"}],"replies":[{"embeddable":true,"href":"https:\/\/wellness-lagoon.com\/fr\/wp-json\/wp\/v2\/comments?post=319"}],"wp:featuredmedia":[{"embeddable":true,"href":"https:\/\/wellness-lagoon.com\/fr\/wp-json\/wp\/v2\/media\/363"}],"wp:attachment":[{"href":"https:\/\/wellness-lagoon.com\/fr\/wp-json\/wp\/v2\/media?parent=319"}],"wp:term":[{"taxonomy":"product_brand","embeddable":true,"href":"https:\/\/wellness-lagoon.com\/fr\/wp-json\/wp\/v2\/product_brand?post=319"},{"taxonomy":"product_cat","embeddable":true,"href":"https:\/\/wellness-lagoon.com\/fr\/wp-json\/wp\/v2\/product_cat?post=319"},{"taxonomy":"product_tag","embeddable":true,"href":"https:\/\/wellness-lagoon.com\/fr\/wp-json\/wp\/v2\/product_tag?post=319"}],"curies":[{"name":"wp","href":"https:\/\/api.w.org\/{rel}","templated":true}]}}