{"id":367,"date":"2021-06-01T14:07:34","date_gmt":"2021-06-01T07:07:34","guid":{"rendered":"https:\/\/wellness-lagoon.com\/?post_type=product&#038;p=367"},"modified":"2023-05-30T05:05:53","modified_gmt":"2023-05-29T22:05:53","slug":"2x-taisho-counterpain-cool-gel-120","status":"publish","type":"product","link":"https:\/\/wellness-lagoon.com\/fr\/produit\/2x-taisho-counterpain-cool-gel-120\/","title":{"rendered":"2x Taisho Counterpain Cool Gel (Bleu) - 120g"},"content":{"rendered":"<div data-id='wppg_5632820' class=\"woocommerce wppg-product-outer-wrapper-191575368 wppg-main-product-wrapper wppg-grid-template-2 wppg-grid wppg-desktop-col-4\" >\n       \n    <div class=\"wppg-layout-grid-section wppg-clearfix\" >\n             <div class=\"wppg-inner-wrap\">\r\n    <div class=\"wppg-inner-wrap-contain\">\r\n                    <div class=\"wppg-image-hover-wrap\">\r\n                <div class=\"wppg-image-second-container\">\r\n                    <div class=\"wppg-image\">\n                    <a href=\"https:\/\/wellness-lagoon.com\/fr\/produit\/2x-taisho-counterpain-cool-gel-120\/\" target=\"_blank\">\n                    <img loading=\"lazy\" decoding=\"async\" width=\"1200\" height=\"1200\" src=\"https:\/\/wellness-lagoon.com\/wp-content\/uploads\/2021\/06\/Counterpain-COOL-120_2-pack.jpg\" class=\"attachment-full size-full wp-post-image\" alt=\"2x Taisho Counterpain Cool Gel (Blue) - 120g\" srcset=\"https:\/\/wellness-lagoon.com\/wp-content\/uploads\/2021\/06\/Counterpain-COOL-120_2-pack.jpg 1200w, https:\/\/wellness-lagoon.com\/wp-content\/uploads\/2021\/06\/Counterpain-COOL-120_2-pack-300x300.jpg 300w, https:\/\/wellness-lagoon.com\/wp-content\/uploads\/2021\/06\/Counterpain-COOL-120_2-pack-100x100.jpg 100w, https:\/\/wellness-lagoon.com\/wp-content\/uploads\/2021\/06\/Counterpain-COOL-120_2-pack-600x600.jpg 600w\" sizes=\"auto, (max-width: 1200px) 100vw, 1200px\" \/>                <\/a>\n                <\/div>\n\n\n                <\/div>\r\n            <\/div>\r\n            <div class=\"wppg-top-wrap\">\r\n                            <\/div>\r\n            <div class=\"wppg-details-wrap\">\r\n                <div class=\"wppg-price\">\r\n    \n\t<span class=\"price\"><span class=\"sale-price\"><del aria-hidden=\"true\"><span class=\"woocommerce-Price-amount amount\"><bdi><span class=\"woocommerce-Price-currencySymbol\">&#3647;<\/span>&nbsp;660<\/bdi><\/span><\/del> <span class=\"screen-reader-text\" data-no-translation=\"\" data-trp-gettext=\"\">Le prix initial \u00e9tait\u00a0: &#3647;&nbsp;660.<\/span><ins aria-hidden=\"true\"><span class=\"woocommerce-Price-amount amount\"><bdi><span class=\"woocommerce-Price-currencySymbol\">&#3647;<\/span>&nbsp;660<\/bdi><\/span><\/ins><span class=\"screen-reader-text\" data-no-translation=\"\" data-trp-gettext=\"\">Le prix actuel est\u00a0: &#3647;&nbsp;660.<\/span><\/span><\/span>\n<\/div>                <div class=\"wppg-buttons-collection wppg-clearfix\">\r\n                                    <\/div>\r\n                            <\/div>\r\n                <\/div>\r\n\r\n<\/div>\r\n<div class=\"wppg-inner-wrap\">\r\n    <div class=\"wppg-inner-wrap-contain\">\r\n                    <div class=\"wppg-image-hover-wrap\">\r\n                <div class=\"wppg-image-second-container\">\r\n                    <div class=\"wppg-image\">\n                    <a href=\"https:\/\/wellness-lagoon.com\/fr\/produit\/3x-taisho-counterpain-cool-gel-120\/\" target=\"_blank\">\n                    <img loading=\"lazy\" decoding=\"async\" width=\"1200\" height=\"1200\" src=\"https:\/\/wellness-lagoon.com\/wp-content\/uploads\/2021\/06\/Counterpain-COOL-120_3-pack.jpg\" class=\"attachment-full size-full wp-post-image\" alt=\"3x Taisho Counterpain Cool Gel (Blue) - 120g - Cold Analgesic Balm\" srcset=\"https:\/\/wellness-lagoon.com\/wp-content\/uploads\/2021\/06\/Counterpain-COOL-120_3-pack.jpg 1200w, https:\/\/wellness-lagoon.com\/wp-content\/uploads\/2021\/06\/Counterpain-COOL-120_3-pack-300x300.jpg 300w, https:\/\/wellness-lagoon.com\/wp-content\/uploads\/2021\/06\/Counterpain-COOL-120_3-pack-100x100.jpg 100w, https:\/\/wellness-lagoon.com\/wp-content\/uploads\/2021\/06\/Counterpain-COOL-120_3-pack-600x600.jpg 600w\" sizes=\"auto, (max-width: 1200px) 100vw, 1200px\" \/>                <\/a>\n                <\/div>\n\n\n                <\/div>\r\n            <\/div>\r\n            <div class=\"wppg-top-wrap\">\r\n                            <\/div>\r\n            <div class=\"wppg-details-wrap\">\r\n                <div class=\"wppg-price\">\r\n    \n\t<span class=\"price\"><span class=\"sale-price\"><del aria-hidden=\"true\"><span class=\"woocommerce-Price-amount amount\"><bdi><span class=\"woocommerce-Price-currencySymbol\">&#3647;<\/span>&nbsp;980<\/bdi><\/span><\/del> <span class=\"screen-reader-text\" data-no-translation=\"\" data-trp-gettext=\"\">Le prix initial \u00e9tait\u00a0: &#3647;&nbsp;980.<\/span><ins aria-hidden=\"true\"><span class=\"woocommerce-Price-amount amount\"><bdi><span class=\"woocommerce-Price-currencySymbol\">&#3647;<\/span>&nbsp;879<\/bdi><\/span><\/ins><span class=\"screen-reader-text\" data-no-translation=\"\" data-trp-gettext=\"\">Le prix actuel est\u00a0: &#3647;&nbsp;879.<\/span><\/span><\/span>\n<\/div>                <div class=\"wppg-buttons-collection wppg-clearfix\">\r\n                                    <\/div>\r\n                            <\/div>\r\n                <\/div>\r\n\r\n<\/div>\r\n<div class=\"wppg-inner-wrap\">\r\n    <div class=\"wppg-inner-wrap-contain\">\r\n                    <div class=\"wppg-image-hover-wrap\">\r\n                <div class=\"wppg-image-second-container\">\r\n                    <div class=\"wppg-image\">\n                    <a href=\"https:\/\/wellness-lagoon.com\/fr\/produit\/6x-taisho-counterpain-cool-gel-120\/\" target=\"_blank\">\n                    <img loading=\"lazy\" decoding=\"async\" width=\"1200\" height=\"1200\" src=\"https:\/\/wellness-lagoon.com\/wp-content\/uploads\/2021\/06\/Counterpain-COOL-120_6-pack.jpg\" class=\"attachment-full size-full wp-post-image\" alt=\"6x Taisho Counterpain Cool Gel (Blue) 120g\" srcset=\"https:\/\/wellness-lagoon.com\/wp-content\/uploads\/2021\/06\/Counterpain-COOL-120_6-pack.jpg 1200w, https:\/\/wellness-lagoon.com\/wp-content\/uploads\/2021\/06\/Counterpain-COOL-120_6-pack-300x300.jpg 300w, https:\/\/wellness-lagoon.com\/wp-content\/uploads\/2021\/06\/Counterpain-COOL-120_6-pack-100x100.jpg 100w, https:\/\/wellness-lagoon.com\/wp-content\/uploads\/2021\/06\/Counterpain-COOL-120_6-pack-600x600.jpg 600w\" sizes=\"auto, (max-width: 1200px) 100vw, 1200px\" \/>                <\/a>\n                <\/div>\n\n\n                <\/div>\r\n            <\/div>\r\n            <div class=\"wppg-top-wrap\">\r\n                            <\/div>\r\n            <div class=\"wppg-details-wrap\">\r\n                <div class=\"wppg-price\">\r\n    \n\t<span class=\"price\"><span class=\"sale-price\"><del aria-hidden=\"true\"><span class=\"woocommerce-Price-amount amount\"><bdi><span class=\"woocommerce-Price-currencySymbol\">&#3647;<\/span>&nbsp;1,850<\/bdi><\/span><\/del> <span class=\"screen-reader-text\" data-no-translation=\"\" data-trp-gettext=\"\">Le prix initial \u00e9tait\u00a0: &#3647;&nbsp;1,850.<\/span><ins aria-hidden=\"true\"><span class=\"woocommerce-Price-amount amount\"><bdi><span class=\"woocommerce-Price-currencySymbol\">&#3647;<\/span>&nbsp;1,669<\/bdi><\/span><\/ins><span class=\"screen-reader-text\" data-no-translation=\"\" data-trp-gettext=\"\">Le prix actuel est\u00a0: &#3647;&nbsp;1,669.<\/span><\/span><\/span>\n<\/div>                <div class=\"wppg-buttons-collection wppg-clearfix\">\r\n                                    <\/div>\r\n                            <\/div>\r\n                <\/div>\r\n\r\n<\/div>\r\n    <\/div>\n<\/div>\n\n\n\n\n<p><img loading=\"lazy\" decoding=\"async\" class=\"wp-image-368 size-full alignright\" title=\"Taisho - Counterpain\" src=\"https:\/\/wellness-lagoon.com\/wp-content\/uploads\/2021\/06\/Taisho_Counterpain-Cool.jpg\" alt=\"Taisho - Counterpain\" width=\"300\" height=\"96\" \/><\/p>\n<h2 style=\"padding-left: 120px; text-align: center;\"><span style=\"font-family: verdana, geneva, sans-serif;\">2x Taisho Counterpain Cool Gel (Bleu) - 120g<\/span><\/h2>\n<h2 style=\"padding-left: 120px; text-align: center;\"><span style=\"font-family: verdana, geneva, sans-serif;\">Gel Analg\u00e9sique Froid<\/span><\/h2>\n<p><span style=\"font-family: verdana, geneva, sans-serif;\">Taisho Counterpain Cool Gel contient du menthol pour soulager les douleurs musculaires.<\/span><\/p>\n<h3 style=\"padding-left: 40px;\"><span style=\"font-family: verdana, geneva, sans-serif;\">champ d'application:<\/span><\/h3>\n<p><span style=\"font-family: verdana, geneva, sans-serif;\">Frottez le gel analg\u00e9sique Counterpain Cool pour un effet rafra\u00eechissant et un soulagement des douleurs musculaires mineures associ\u00e9es aux contusions, foulures, entorses et blessures sportives similaires.<\/span><\/p>\n<p><span style=\"font-family: verdana, geneva, sans-serif;\">Facile \u00e0 utiliser. <\/span><\/p>\n<p><span style=\"font-family: verdana, geneva, sans-serif;\"><span style=\"text-decoration: underline;\">Indice:<\/span> Conserver au r\u00e9frig\u00e9rateur pour un effet rafra\u00eechissant instantan\u00e9 am\u00e9lior\u00e9.<\/span><\/p>\n<h3 style=\"padding-left: 40px;\"><span style=\"font-family: verdana, geneva, sans-serif;\"><strong>Ingr\u00e9dients actifs:<\/strong><\/span><\/h3>\n<p style=\"text-align: left; padding-left: 80px;\"><span style=\"font-family: verdana, geneva, sans-serif;\"><strong>L\u00e9vomenthol<\/strong> 4 %<\/span><\/p>\n<h3 style=\"padding-left: 40px;\"><span style=\"font-family: verdana, geneva, sans-serif;\"><strong>Prudence:<\/strong> <\/span><\/h3>\n<ul>\n<li><span style=\"font-family: verdana, geneva, sans-serif;\">Pour usage externe uniquement !<\/span><\/li>\n<li><span style=\"font-family: verdana, geneva, sans-serif;\">Faites <strong>attention \u00e0 ne pas mettre le baume dans (ou \u00e0 proximit\u00e9) de vos yeux, de vos plaies ouvertes, de vos muqueuses, etc !!!<\/strong><\/span><\/li>\n<li><span style=\"font-family: verdana, geneva, sans-serif;\">Ne pas utiliser avec des coussins chauffants ou des appareils chauffants.<\/span><\/li>\n<li><span style=\"font-family: verdana, geneva, sans-serif;\">Ce baume peut avoir un effet assez agressif sur les peaux sensibles et entra\u00eener des irritations cutan\u00e9es, voire des inflammations \u2013 appliquez-le avec pr\u00e9caution !<\/span><\/li>\n<li><span style=\"font-family: verdana, geneva, sans-serif;\"><strong>Ce baume analg\u00e9sique ne remplace et ne remplace aucun m\u00e9dicament.<\/strong> <\/span><\/li>\n<li><span style=\"font-family: verdana, geneva, sans-serif;\">Conserver \u00e0 une temp\u00e9rature inf\u00e9rieure \u00e0 30\u00b0C.<\/span><\/li>\n<\/ul>\n<h3 style=\"padding-left: 40px;\"><span style=\"font-family: verdana, geneva, sans-serif;\"><strong>Note:<\/strong> <\/span><\/h3>\n<p><span style=\"font-family: verdana, geneva, sans-serif;\">Nous tenons \u00e0 souligner que nous ne stockons g\u00e9n\u00e9ralement PAS de baumes, huiles, cr\u00e8mes et autres produits de sant\u00e9 et de soins car ils ont une date de p\u00e9remption, mais que nous achetons toujours ces produits \u00ab frais \u00bb pour chaque commande. Par cons\u00e9quent, l'exp\u00e9dition peut \u00e9ventuellement \u00eatre retard\u00e9e de 1 \u00e0 2 jours.<\/span><\/p>\n<h2 style=\"padding-left: 120px;\"><span style=\"font-family: verdana, geneva, sans-serif;\"><img loading=\"lazy\" decoding=\"async\" class=\"aligncenter wp-image-370 size-full\" title=\"Taisho Counterpain Cool Gel (Blue) - 120g cold analgesic gel\" src=\"https:\/\/wellness-lagoon.com\/wp-content\/uploads\/2021\/06\/Counterpain-COOL_label_banner.jpg\" alt=\"Taisho Counterpain Cool Gel (Blue) - 120g\" width=\"1000\" height=\"340\" srcset=\"https:\/\/wellness-lagoon.com\/wp-content\/uploads\/2021\/06\/Counterpain-COOL_label_banner.jpg 1000w, https:\/\/wellness-lagoon.com\/wp-content\/uploads\/2021\/06\/Counterpain-COOL_label_banner-600x204.jpg 600w\" sizes=\"auto, (max-width: 1000px) 100vw, 1000px\" \/><\/span><\/h2>\n<p><span style=\"font-family: verdana, geneva, sans-serif;\"><div data-id='wppg_4140347' class=\"woocommerce wppg-product-outer-wrapper-228166557 wppg-main-product-wrapper wppg-grid-template-2 wppg-grid wppg-desktop-col-4\" >\n       \n    <div class=\"wppg-layout-grid-section wppg-clearfix\" >\n             <div class=\"wppg-inner-wrap\">\r\n    <div class=\"wppg-inner-wrap-contain\">\r\n                    <div class=\"wppg-image-hover-wrap\">\r\n                <div class=\"wppg-image-second-container\">\r\n                    <div class=\"wppg-image\">\n                    <a href=\"https:\/\/wellness-lagoon.com\/fr\/produit\/2x-taisho-counterpain-balm-red-120\/\" target=\"_blank\">\n                    <img loading=\"lazy\" decoding=\"async\" width=\"1200\" height=\"1200\" src=\"https:\/\/wellness-lagoon.com\/wp-content\/uploads\/2021\/05\/Counterpain-RED-120_2-pack-1.jpg\" class=\"attachment-full size-full wp-post-image\" alt=\"2x Taisho Counterpain Balm Red\" srcset=\"https:\/\/wellness-lagoon.com\/wp-content\/uploads\/2021\/05\/Counterpain-RED-120_2-pack-1.jpg 1200w, https:\/\/wellness-lagoon.com\/wp-content\/uploads\/2021\/05\/Counterpain-RED-120_2-pack-1-300x300.jpg 300w, https:\/\/wellness-lagoon.com\/wp-content\/uploads\/2021\/05\/Counterpain-RED-120_2-pack-1-100x100.jpg 100w, https:\/\/wellness-lagoon.com\/wp-content\/uploads\/2021\/05\/Counterpain-RED-120_2-pack-1-600x600.jpg 600w\" sizes=\"auto, (max-width: 1200px) 100vw, 1200px\" \/>                <\/a>\n                <\/div>\n\n\n                <\/div>\r\n            <\/div>\r\n            <div class=\"wppg-top-wrap\">\r\n                            <\/div>\r\n            <div class=\"wppg-details-wrap\">\r\n                <div class=\"wppg-price\">\r\n    \n\t<span class=\"price\"><span class=\"sale-price\"><del aria-hidden=\"true\"><span class=\"woocommerce-Price-amount amount\"><bdi><span class=\"woocommerce-Price-currencySymbol\">&#3647;<\/span>&nbsp;599<\/bdi><\/span><\/del> <span class=\"screen-reader-text\" data-no-translation=\"\" data-trp-gettext=\"\">Le prix initial \u00e9tait\u00a0: &#3647;&nbsp;599.<\/span><ins aria-hidden=\"true\"><span class=\"woocommerce-Price-amount amount\"><bdi><span class=\"woocommerce-Price-currencySymbol\">&#3647;<\/span>&nbsp;599<\/bdi><\/span><\/ins><span class=\"screen-reader-text\" data-no-translation=\"\" data-trp-gettext=\"\">Le prix actuel est\u00a0: &#3647;&nbsp;599.<\/span><\/span><\/span>\n<\/div>                <div class=\"wppg-buttons-collection wppg-clearfix\">\r\n                                    <\/div>\r\n                            <\/div>\r\n                <\/div>\r\n\r\n<\/div>\r\n<div class=\"wppg-inner-wrap\">\r\n    <div class=\"wppg-inner-wrap-contain\">\r\n                    <div class=\"wppg-image-hover-wrap\">\r\n                <div class=\"wppg-image-second-container\">\r\n                    <div class=\"wppg-image\">\n                    <a href=\"https:\/\/wellness-lagoon.com\/fr\/produit\/3x-taisho-counterpain-balm-red-120\/\" target=\"_blank\">\n                    <img loading=\"lazy\" decoding=\"async\" width=\"1200\" height=\"1200\" src=\"https:\/\/wellness-lagoon.com\/wp-content\/uploads\/2021\/05\/Counterpain-RED-120_3-pack-1.jpg\" class=\"attachment-full size-full wp-post-image\" alt=\"3x Taisho Counterpain Balm Red 120g\" srcset=\"https:\/\/wellness-lagoon.com\/wp-content\/uploads\/2021\/05\/Counterpain-RED-120_3-pack-1.jpg 1200w, https:\/\/wellness-lagoon.com\/wp-content\/uploads\/2021\/05\/Counterpain-RED-120_3-pack-1-300x300.jpg 300w, https:\/\/wellness-lagoon.com\/wp-content\/uploads\/2021\/05\/Counterpain-RED-120_3-pack-1-100x100.jpg 100w, https:\/\/wellness-lagoon.com\/wp-content\/uploads\/2021\/05\/Counterpain-RED-120_3-pack-1-600x600.jpg 600w\" sizes=\"auto, (max-width: 1200px) 100vw, 1200px\" \/>                <\/a>\n                <\/div>\n\n\n                <\/div>\r\n            <\/div>\r\n            <div class=\"wppg-top-wrap\">\r\n                            <\/div>\r\n            <div class=\"wppg-details-wrap\">\r\n                <div class=\"wppg-price\">\r\n    \n\t<span class=\"price\"><span class=\"sale-price\"><del aria-hidden=\"true\"><span class=\"woocommerce-Price-amount amount\"><bdi><span class=\"woocommerce-Price-currencySymbol\">&#3647;<\/span>&nbsp;890<\/bdi><\/span><\/del> <span class=\"screen-reader-text\" data-no-translation=\"\" data-trp-gettext=\"\">Le prix initial \u00e9tait\u00a0: &#3647;&nbsp;890.<\/span><ins aria-hidden=\"true\"><span class=\"woocommerce-Price-amount amount\"><bdi><span class=\"woocommerce-Price-currencySymbol\">&#3647;<\/span>&nbsp;799<\/bdi><\/span><\/ins><span class=\"screen-reader-text\" data-no-translation=\"\" data-trp-gettext=\"\">Le prix actuel est\u00a0: &#3647;&nbsp;799.<\/span><\/span><\/span>\n<\/div>                <div class=\"wppg-buttons-collection wppg-clearfix\">\r\n                                    <\/div>\r\n                            <\/div>\r\n                <\/div>\r\n\r\n<\/div>\r\n<div class=\"wppg-inner-wrap\">\r\n    <div class=\"wppg-inner-wrap-contain\">\r\n                    <div class=\"wppg-image-hover-wrap\">\r\n                <div class=\"wppg-image-second-container\">\r\n                    <div class=\"wppg-image\">\n                    <a href=\"https:\/\/wellness-lagoon.com\/fr\/produit\/6x-taisho-counterpain-balm-red-120\/\" target=\"_blank\">\n                    <img loading=\"lazy\" decoding=\"async\" width=\"1200\" height=\"1200\" src=\"https:\/\/wellness-lagoon.com\/wp-content\/uploads\/2021\/05\/Counterpain-RED-120_6-pack-1.jpg\" class=\"attachment-full size-full wp-post-image\" alt=\"6x Taisho Counterpain Balm Red - 120g\" srcset=\"https:\/\/wellness-lagoon.com\/wp-content\/uploads\/2021\/05\/Counterpain-RED-120_6-pack-1.jpg 1200w, https:\/\/wellness-lagoon.com\/wp-content\/uploads\/2021\/05\/Counterpain-RED-120_6-pack-1-300x300.jpg 300w, https:\/\/wellness-lagoon.com\/wp-content\/uploads\/2021\/05\/Counterpain-RED-120_6-pack-1-100x100.jpg 100w, https:\/\/wellness-lagoon.com\/wp-content\/uploads\/2021\/05\/Counterpain-RED-120_6-pack-1-600x600.jpg 600w\" sizes=\"auto, (max-width: 1200px) 100vw, 1200px\" \/>                <\/a>\n                <\/div>\n\n\n                <\/div>\r\n            <\/div>\r\n            <div class=\"wppg-top-wrap\">\r\n                            <\/div>\r\n            <div class=\"wppg-details-wrap\">\r\n                <div class=\"wppg-price\">\r\n    \n\t<span class=\"price\"><span class=\"sale-price\"><del aria-hidden=\"true\"><span class=\"woocommerce-Price-amount amount\"><bdi><span class=\"woocommerce-Price-currencySymbol\">&#3647;<\/span>&nbsp;1,600<\/bdi><\/span><\/del> <span class=\"screen-reader-text\" data-no-translation=\"\" data-trp-gettext=\"\">Le prix initial \u00e9tait\u00a0: &#3647;&nbsp;1,600.<\/span><ins aria-hidden=\"true\"><span class=\"woocommerce-Price-amount amount\"><bdi><span class=\"woocommerce-Price-currencySymbol\">&#3647;<\/span>&nbsp;1,449<\/bdi><\/span><\/ins><span class=\"screen-reader-text\" data-no-translation=\"\" data-trp-gettext=\"\">Le prix actuel est\u00a0: &#3647;&nbsp;1,449.<\/span><\/span><\/span>\n<\/div>                <div class=\"wppg-buttons-collection wppg-clearfix\">\r\n                                    <\/div>\r\n                            <\/div>\r\n                <\/div>\r\n\r\n<\/div>\r\n    <\/div>\n<\/div>\n\n\n\n\u00a0<\/span><\/p>","protected":false},"excerpt":{"rendered":"<ul>\n<li><span style=\"font-family: verdana, geneva, sans-serif;\">2x Taisho Counterpain Cool Gel 120g<\/span><\/li>\n<li><span style=\"font-family: verdana, geneva, sans-serif;\">Effet de refroidissement<\/span><\/li>\n<li><span style=\"font-family: verdana, geneva, sans-serif;\">soulage les douleurs li\u00e9es aux blessures sportives<\/span><\/li>\n<li><span style=\"font-family: verdana, geneva, sans-serif;\">pour usage externe uniquement<\/span><\/li>\n<\/ul>","protected":false},"featured_media":371,"comment_status":"open","ping_status":"closed","template":"","meta":[],"product_brand":[],"product_cat":[17],"product_tag":[46,38,43,39,40,50,51,74,48,52,42,44,47,45],"class_list":{"0":"post-367","1":"product","2":"type-product","3":"status-publish","4":"has-post-thumbnail","6":"product_cat-balms-ointments","7":"product_tag-120-g","8":"product_tag-2-pack","9":"product_tag-aches","10":"product_tag-analgesic","11":"product_tag-balm","12":"product_tag-cool","13":"product_tag-cooling","14":"product_tag-counterpain","15":"product_tag-cream","16":"product_tag-gel","17":"product_tag-muscular","18":"product_tag-pain","19":"product_tag-relief","20":"product_tag-taisho","22":"first","23":"onbackorder","24":"sale","25":"shipping-taxable","26":"purchasable","27":"product-type-simple"},"_links":{"self":[{"href":"https:\/\/wellness-lagoon.com\/fr\/wp-json\/wp\/v2\/product\/367","targetHints":{"allow":["GET"]}}],"collection":[{"href":"https:\/\/wellness-lagoon.com\/fr\/wp-json\/wp\/v2\/product"}],"about":[{"href":"https:\/\/wellness-lagoon.com\/fr\/wp-json\/wp\/v2\/types\/product"}],"replies":[{"embeddable":true,"href":"https:\/\/wellness-lagoon.com\/fr\/wp-json\/wp\/v2\/comments?post=367"}],"wp:featuredmedia":[{"embeddable":true,"href":"https:\/\/wellness-lagoon.com\/fr\/wp-json\/wp\/v2\/media\/371"}],"wp:attachment":[{"href":"https:\/\/wellness-lagoon.com\/fr\/wp-json\/wp\/v2\/media?parent=367"}],"wp:term":[{"taxonomy":"product_brand","embeddable":true,"href":"https:\/\/wellness-lagoon.com\/fr\/wp-json\/wp\/v2\/product_brand?post=367"},{"taxonomy":"product_cat","embeddable":true,"href":"https:\/\/wellness-lagoon.com\/fr\/wp-json\/wp\/v2\/product_cat?post=367"},{"taxonomy":"product_tag","embeddable":true,"href":"https:\/\/wellness-lagoon.com\/fr\/wp-json\/wp\/v2\/product_tag?post=367"}],"curies":[{"name":"wp","href":"https:\/\/api.w.org\/{rel}","templated":true}]}}