{"id":399,"date":"2021-06-05T13:40:36","date_gmt":"2021-06-05T06:40:36","guid":{"rendered":"https:\/\/wellness-lagoon.com\/?post_type=product&#038;p=399"},"modified":"2024-04-28T20:48:34","modified_gmt":"2024-04-28T13:48:34","slug":"2x-tiger-balm-white-10g","status":"publish","type":"product","link":"https:\/\/wellness-lagoon.com\/fr\/produit\/2x-tiger-balm-white-10g\/","title":{"rendered":"2x Baume du Tigre Blanc 10g"},"content":{"rendered":"<p><span style=\"font-family: verdana, geneva, sans-serif;\"><div data-id='wppg_9240837' class=\"woocommerce wppg-product-outer-wrapper-455450832 wppg-main-product-wrapper wppg-grid-template-2 wppg-grid wppg-desktop-col-4\" >\n       \n    <div class=\"wppg-layout-grid-section wppg-clearfix\" >\n             <div class=\"wppg-inner-wrap\">\r\n    <div class=\"wppg-inner-wrap-contain\">\r\n                    <div class=\"wppg-image-hover-wrap\">\r\n                <div class=\"wppg-image-second-container\">\r\n                    <div class=\"wppg-image\">\n                    <a href=\"https:\/\/wellness-lagoon.com\/fr\/produit\/2x-tiger-balm-white-10g\/\" target=\"_blank\">\n                    <img loading=\"lazy\" decoding=\"async\" width=\"1200\" height=\"1200\" src=\"https:\/\/wellness-lagoon.com\/wp-content\/uploads\/2021\/06\/Tiger-Balm_White_10g_2x-1.jpg\" class=\"attachment-full size-full wp-post-image\" alt=\"2x Tiger Balm White 10g\" srcset=\"https:\/\/wellness-lagoon.com\/wp-content\/uploads\/2021\/06\/Tiger-Balm_White_10g_2x-1.jpg 1200w, https:\/\/wellness-lagoon.com\/wp-content\/uploads\/2021\/06\/Tiger-Balm_White_10g_2x-1-300x300.jpg 300w, https:\/\/wellness-lagoon.com\/wp-content\/uploads\/2021\/06\/Tiger-Balm_White_10g_2x-1-100x100.jpg 100w, https:\/\/wellness-lagoon.com\/wp-content\/uploads\/2021\/06\/Tiger-Balm_White_10g_2x-1-600x600.jpg 600w\" sizes=\"auto, (max-width: 1200px) 100vw, 1200px\" \/>                <\/a>\n                <\/div>\n\n\n                <\/div>\r\n            <\/div>\r\n            <div class=\"wppg-top-wrap\">\r\n                            <\/div>\r\n            <div class=\"wppg-details-wrap\">\r\n                <div class=\"wppg-price\">\r\n    \n\t<span class=\"price\"><span class=\"sale-price\"><del aria-hidden=\"true\"><span class=\"woocommerce-Price-amount amount\"><bdi><span class=\"woocommerce-Price-currencySymbol\">&#3647;<\/span>&nbsp;370<\/bdi><\/span><\/del> <span class=\"screen-reader-text\" data-no-translation=\"\" data-trp-gettext=\"\">Le prix initial \u00e9tait\u00a0: &#3647;&nbsp;370.<\/span><ins aria-hidden=\"true\"><span class=\"woocommerce-Price-amount amount\"><bdi><span class=\"woocommerce-Price-currencySymbol\">&#3647;<\/span>&nbsp;370<\/bdi><\/span><\/ins><span class=\"screen-reader-text\" data-no-translation=\"\" data-trp-gettext=\"\">Le prix actuel est\u00a0: &#3647;&nbsp;370.<\/span><\/span><\/span>\n<\/div>                <div class=\"wppg-buttons-collection wppg-clearfix\">\r\n                                    <\/div>\r\n                            <\/div>\r\n                <\/div>\r\n\r\n<\/div>\r\n<div class=\"wppg-inner-wrap\">\r\n    <div class=\"wppg-inner-wrap-contain\">\r\n                    <div class=\"wppg-image-hover-wrap\">\r\n                <div class=\"wppg-image-second-container\">\r\n                    <div class=\"wppg-image\">\n                    <a href=\"https:\/\/wellness-lagoon.com\/fr\/produit\/4x-tiger-balm-white-10g\/\" target=\"_blank\">\n                    <img loading=\"lazy\" decoding=\"async\" width=\"1200\" height=\"1200\" src=\"https:\/\/wellness-lagoon.com\/wp-content\/uploads\/2021\/06\/Tiger-Balm_White_10g_4x-1.jpg\" class=\"attachment-full size-full wp-post-image\" alt=\"4x Tiger Balm White 10g\" srcset=\"https:\/\/wellness-lagoon.com\/wp-content\/uploads\/2021\/06\/Tiger-Balm_White_10g_4x-1.jpg 1200w, https:\/\/wellness-lagoon.com\/wp-content\/uploads\/2021\/06\/Tiger-Balm_White_10g_4x-1-300x300.jpg 300w, https:\/\/wellness-lagoon.com\/wp-content\/uploads\/2021\/06\/Tiger-Balm_White_10g_4x-1-100x100.jpg 100w, https:\/\/wellness-lagoon.com\/wp-content\/uploads\/2021\/06\/Tiger-Balm_White_10g_4x-1-600x600.jpg 600w\" sizes=\"auto, (max-width: 1200px) 100vw, 1200px\" \/>                <\/a>\n                <\/div>\n\n\n                <\/div>\r\n            <\/div>\r\n            <div class=\"wppg-top-wrap\">\r\n                            <\/div>\r\n            <div class=\"wppg-details-wrap\">\r\n                <div class=\"wppg-price\">\r\n    \n\t<span class=\"price\"><span class=\"sale-price\"><del aria-hidden=\"true\"><span class=\"woocommerce-Price-amount amount\"><bdi><span class=\"woocommerce-Price-currencySymbol\">&#3647;<\/span>&nbsp;630<\/bdi><\/span><\/del> <span class=\"screen-reader-text\" data-no-translation=\"\" data-trp-gettext=\"\">Le prix initial \u00e9tait\u00a0: &#3647;&nbsp;630.<\/span><ins aria-hidden=\"true\"><span class=\"woocommerce-Price-amount amount\"><bdi><span class=\"woocommerce-Price-currencySymbol\">&#3647;<\/span>&nbsp;569<\/bdi><\/span><\/ins><span class=\"screen-reader-text\" data-no-translation=\"\" data-trp-gettext=\"\">Le prix actuel est\u00a0: &#3647;&nbsp;569.<\/span><\/span><\/span>\n<\/div>                <div class=\"wppg-buttons-collection wppg-clearfix\">\r\n                                    <\/div>\r\n                            <\/div>\r\n                <\/div>\r\n\r\n<\/div>\r\n<div class=\"wppg-inner-wrap\">\r\n    <div class=\"wppg-inner-wrap-contain\">\r\n                    <div class=\"wppg-image-hover-wrap\">\r\n                <div class=\"wppg-image-second-container\">\r\n                    <div class=\"wppg-image\">\n                    <a href=\"https:\/\/wellness-lagoon.com\/fr\/produit\/6x-tiger-balm-white-10g\/\" target=\"_blank\">\n                    <img loading=\"lazy\" decoding=\"async\" width=\"1200\" height=\"1200\" src=\"https:\/\/wellness-lagoon.com\/wp-content\/uploads\/2021\/06\/Tiger-Balm_White_10g_6x-1.jpg\" class=\"attachment-full size-full wp-post-image\" alt=\"6x Tiger Balm White 10g\" srcset=\"https:\/\/wellness-lagoon.com\/wp-content\/uploads\/2021\/06\/Tiger-Balm_White_10g_6x-1.jpg 1200w, https:\/\/wellness-lagoon.com\/wp-content\/uploads\/2021\/06\/Tiger-Balm_White_10g_6x-1-300x300.jpg 300w, https:\/\/wellness-lagoon.com\/wp-content\/uploads\/2021\/06\/Tiger-Balm_White_10g_6x-1-100x100.jpg 100w, https:\/\/wellness-lagoon.com\/wp-content\/uploads\/2021\/06\/Tiger-Balm_White_10g_6x-1-600x600.jpg 600w\" sizes=\"auto, (max-width: 1200px) 100vw, 1200px\" \/>                <\/a>\n                <\/div>\n\n\n                <\/div>\r\n            <\/div>\r\n            <div class=\"wppg-top-wrap\">\r\n                            <\/div>\r\n            <div class=\"wppg-details-wrap\">\r\n                <div class=\"wppg-price\">\r\n    \n\t<span class=\"price\"><span class=\"sale-price\"><del aria-hidden=\"true\"><span class=\"woocommerce-Price-amount amount\"><bdi><span class=\"woocommerce-Price-currencySymbol\">&#3647;<\/span>&nbsp;850<\/bdi><\/span><\/del> <span class=\"screen-reader-text\" data-no-translation=\"\" data-trp-gettext=\"\">Le prix initial \u00e9tait\u00a0: &#3647;&nbsp;850.<\/span><ins aria-hidden=\"true\"><span class=\"woocommerce-Price-amount amount\"><bdi><span class=\"woocommerce-Price-currencySymbol\">&#3647;<\/span>&nbsp;769<\/bdi><\/span><\/ins><span class=\"screen-reader-text\" data-no-translation=\"\" data-trp-gettext=\"\">Le prix actuel est\u00a0: &#3647;&nbsp;769.<\/span><\/span><\/span>\n<\/div>                <div class=\"wppg-buttons-collection wppg-clearfix\">\r\n                                    <\/div>\r\n                            <\/div>\r\n                <\/div>\r\n\r\n<\/div>\r\n<div class=\"wppg-inner-wrap\">\r\n    <div class=\"wppg-inner-wrap-contain\">\r\n                    <div class=\"wppg-image-hover-wrap\">\r\n                <div class=\"wppg-image-second-container\">\r\n                    <div class=\"wppg-image\">\n                    <a href=\"https:\/\/wellness-lagoon.com\/fr\/produit\/10x-tiger-balm-white-10g\/\" target=\"_blank\">\n                    <img loading=\"lazy\" decoding=\"async\" width=\"1200\" height=\"1200\" src=\"https:\/\/wellness-lagoon.com\/wp-content\/uploads\/2021\/06\/Tiger-Balm_White_10x_10g-1.jpg\" class=\"attachment-full size-full wp-post-image\" alt=\"10x Tiger Balm White 10g\" srcset=\"https:\/\/wellness-lagoon.com\/wp-content\/uploads\/2021\/06\/Tiger-Balm_White_10x_10g-1.jpg 1200w, https:\/\/wellness-lagoon.com\/wp-content\/uploads\/2021\/06\/Tiger-Balm_White_10x_10g-1-300x300.jpg 300w, https:\/\/wellness-lagoon.com\/wp-content\/uploads\/2021\/06\/Tiger-Balm_White_10x_10g-1-100x100.jpg 100w, https:\/\/wellness-lagoon.com\/wp-content\/uploads\/2021\/06\/Tiger-Balm_White_10x_10g-1-600x600.jpg 600w\" sizes=\"auto, (max-width: 1200px) 100vw, 1200px\" \/>                <\/a>\n                <\/div>\n\n\n                <\/div>\r\n            <\/div>\r\n            <div class=\"wppg-top-wrap\">\r\n                            <\/div>\r\n            <div class=\"wppg-details-wrap\">\r\n                <div class=\"wppg-price\">\r\n    \n\t<span class=\"price\"><span class=\"sale-price\"><del aria-hidden=\"true\"><span class=\"woocommerce-Price-amount amount\"><bdi><span class=\"woocommerce-Price-currencySymbol\">&#3647;<\/span>&nbsp;1,280<\/bdi><\/span><\/del> <span class=\"screen-reader-text\" data-no-translation=\"\" data-trp-gettext=\"\">Le prix initial \u00e9tait\u00a0: &#3647;&nbsp;1,280.<\/span><ins aria-hidden=\"true\"><span class=\"woocommerce-Price-amount amount\"><bdi><span class=\"woocommerce-Price-currencySymbol\">&#3647;<\/span>&nbsp;1,149<\/bdi><\/span><\/ins><span class=\"screen-reader-text\" data-no-translation=\"\" data-trp-gettext=\"\">Le prix actuel est\u00a0: &#3647;&nbsp;1,149.<\/span><\/span><\/span>\n<\/div>                <div class=\"wppg-buttons-collection wppg-clearfix\">\r\n                                    <\/div>\r\n                            <\/div>\r\n                <\/div>\r\n\r\n<\/div>\r\n    <\/div>\n<\/div>\n\n\n\n<\/span><\/p>\n<p><span style=\"font-family: verdana, geneva, sans-serif;\"><img loading=\"lazy\" decoding=\"async\" class=\"wp-image-404 size-full alignright\" title=\"baume du tigre\" src=\"https:\/\/wellness-lagoon.com\/wp-content\/uploads\/2021\/06\/Tiger-Balm_White_Label_250.png\" alt=\"Tiger Balm White Logo\" width=\"250\" height=\"250\" srcset=\"https:\/\/wellness-lagoon.com\/wp-content\/uploads\/2021\/06\/Tiger-Balm_White_Label_250.png 250w, https:\/\/wellness-lagoon.com\/wp-content\/uploads\/2021\/06\/Tiger-Balm_White_Label_250-100x100.png 100w\" sizes=\"auto, (max-width: 250px) 100vw, 250px\" \/><\/span><\/p>\n<h2 style=\"padding-left: 120px;\"><span style=\"font-family: verdana, geneva, sans-serif;\">2x Baume du Tigre Blanc 10g<\/span><\/h2>\n<p><span style=\"font-family: verdana, geneva, sans-serif;\">Ce baume du tigre blanc classique est compos\u00e9 d'ingr\u00e9dients \u00e0 base de plantes et poss\u00e8de des propri\u00e9t\u00e9s analg\u00e9siques \u00e0 action rapide.<\/span><\/p>\n<h3 style=\"padding-left: 40px;\"><span style=\"font-family: verdana, geneva, sans-serif;\">champ d'application:<\/span><\/h3>\n<p><span style=\"font-family: verdana, geneva, sans-serif;\">Le baume du tigre blanc a un effet rafra\u00eechissant et soulageant et est recommand\u00e9 pour les sympt\u00f4mes du rhume, les maux de t\u00eate, le nez bouch\u00e9, les infections respiratoires, les douleurs musculaires et articulaires, les foulures, les contusions, les entorses et les piq\u00fbres de moustiques.<\/span><\/p>\n<h3 style=\"padding-left: 40px;\"><span style=\"font-family: verdana, geneva, sans-serif;\"><strong>Ingr\u00e9dients:<\/strong><\/span><\/h3>\n<p style=\"text-align: left; padding-left: 80px;\"><span style=\"font-family: verdana, geneva, sans-serif;\"><strong>Camphre<\/strong>: 25,0 %, <strong>Huile d'eucalyptus<\/strong> 13,7 %, <strong>Menthol<\/strong>: 8,0 %, <strong>Huile de clou de girofle<\/strong>: 1,43 %<\/span><\/p>\n<h3 style=\"padding-left: 40px;\"><span style=\"font-family: verdana, geneva, sans-serif;\"><strong>Prudence:<img loading=\"lazy\" decoding=\"async\" class=\"size-full wp-image-400 alignright\" src=\"https:\/\/wellness-lagoon.com\/wp-content\/uploads\/2021\/06\/Tiger-Balm_tiger_logo.png\" alt=\"Tiger Balm\" width=\"121\" height=\"73\" \/><\/strong> <\/span><\/h3>\n<ul>\n<li><span style=\"font-family: verdana, geneva, sans-serif;\">Pour usage externe uniquement !<\/span><\/li>\n<li><span style=\"font-family: verdana, geneva, sans-serif;\">Faites <strong>attention \u00e0 ne pas mettre le baume dans (ou \u00e0 proximit\u00e9) de vos yeux, de vos plaies ouvertes, de vos muqueuses, etc !!!<\/strong><\/span><\/li>\n<li><span style=\"font-family: verdana, geneva, sans-serif;\">Ne pas utiliser avec des coussins chauffants ou des appareils chauffants.<\/span><\/li>\n<li><span style=\"font-family: verdana, geneva, sans-serif;\">Ce baume peut avoir un effet assez agressif sur les peaux sensibles et entra\u00eener des irritations cutan\u00e9es, voire des inflammations \u2013 appliquez-le avec pr\u00e9caution !<\/span><\/li>\n<li><span style=\"font-family: verdana, geneva, sans-serif;\"><strong>Ce baume analg\u00e9sique ne remplace et ne remplace aucun m\u00e9dicament.<\/strong> <\/span><\/li>\n<li><span style=\"font-family: verdana, geneva, sans-serif;\">Conserver \u00e0 une temp\u00e9rature inf\u00e9rieure \u00e0 30\u00b0C.<\/span><\/li>\n<\/ul>\n<h3 style=\"padding-left: 40px;\"><span style=\"font-family: verdana, geneva, sans-serif;\"><strong>Note:<\/strong> <\/span><\/h3>\n<p><span style=\"font-family: verdana, geneva, sans-serif;\">Nous tenons \u00e0 souligner que nous ne stockons g\u00e9n\u00e9ralement PAS de baumes, huiles, cr\u00e8mes et autres produits de sant\u00e9 et de soins car ils ont une date de p\u00e9remption, mais que nous achetons toujours ces produits \u00ab frais \u00bb pour chaque commande. Par cons\u00e9quent, l'exp\u00e9dition peut \u00e9ventuellement \u00eatre retard\u00e9e de 1 \u00e0 2 jours.<\/span><\/p>\n<h3 style=\"padding-left: 40px;\"><span style=\"font-family: verdana, geneva, sans-serif;\">Nous proposons \u00e9galement le Baume du Tigre Blanc 30g : <\/span><span style=\"font-family: verdana, geneva, sans-serif;\"><div data-id='wppg_1821533' class=\"woocommerce wppg-product-outer-wrapper-678997952 wppg-main-product-wrapper wppg-grid-template-2 wppg-grid wppg-desktop-col-4\" >\n       \n    <div class=\"wppg-layout-grid-section wppg-clearfix\" >\n             <div class=\"wppg-inner-wrap\">\r\n    <div class=\"wppg-inner-wrap-contain\">\r\n                    <div class=\"wppg-image-hover-wrap\">\r\n                <div class=\"wppg-image-second-container\">\r\n                    <div class=\"wppg-image\">\n                    <a href=\"https:\/\/wellness-lagoon.com\/fr\/produit\/2x-tiger-balm-white-30g\/\" target=\"_blank\">\n                    <img loading=\"lazy\" decoding=\"async\" width=\"1200\" height=\"1200\" src=\"https:\/\/wellness-lagoon.com\/wp-content\/uploads\/2021\/06\/Tiger-Balm_White_30g_2x-1.jpg\" class=\"attachment-full size-full wp-post-image\" alt=\"2x Tiger Balm White 30g\" srcset=\"https:\/\/wellness-lagoon.com\/wp-content\/uploads\/2021\/06\/Tiger-Balm_White_30g_2x-1.jpg 1200w, https:\/\/wellness-lagoon.com\/wp-content\/uploads\/2021\/06\/Tiger-Balm_White_30g_2x-1-300x300.jpg 300w, https:\/\/wellness-lagoon.com\/wp-content\/uploads\/2021\/06\/Tiger-Balm_White_30g_2x-1-100x100.jpg 100w, https:\/\/wellness-lagoon.com\/wp-content\/uploads\/2021\/06\/Tiger-Balm_White_30g_2x-1-600x600.jpg 600w\" sizes=\"auto, (max-width: 1200px) 100vw, 1200px\" \/>                <\/a>\n                <\/div>\n\n\n                <\/div>\r\n            <\/div>\r\n            <div class=\"wppg-top-wrap\">\r\n                            <\/div>\r\n            <div class=\"wppg-details-wrap\">\r\n                <div class=\"wppg-price\">\r\n    \n\t<span class=\"price\"><span class=\"sale-price\"><del aria-hidden=\"true\"><span class=\"woocommerce-Price-amount amount\"><bdi><span class=\"woocommerce-Price-currencySymbol\">&#3647;<\/span>&nbsp;500<\/bdi><\/span><\/del> <span class=\"screen-reader-text\" data-no-translation=\"\" data-trp-gettext=\"\">Le prix initial \u00e9tait\u00a0: &#3647;&nbsp;500.<\/span><ins aria-hidden=\"true\"><span class=\"woocommerce-Price-amount amount\"><bdi><span class=\"woocommerce-Price-currencySymbol\">&#3647;<\/span>&nbsp;500<\/bdi><\/span><\/ins><span class=\"screen-reader-text\" data-no-translation=\"\" data-trp-gettext=\"\">Le prix actuel est\u00a0: &#3647;&nbsp;500.<\/span><\/span><\/span>\n<\/div>                <div class=\"wppg-buttons-collection wppg-clearfix\">\r\n                                    <\/div>\r\n                            <\/div>\r\n                <\/div>\r\n\r\n<\/div>\r\n<div class=\"wppg-inner-wrap\">\r\n    <div class=\"wppg-inner-wrap-contain\">\r\n                    <div class=\"wppg-image-hover-wrap\">\r\n                <div class=\"wppg-image-second-container\">\r\n                    <div class=\"wppg-image\">\n                    <a href=\"https:\/\/wellness-lagoon.com\/fr\/produit\/4x-tiger-balm-white-30g\/\" target=\"_blank\">\n                    <img loading=\"lazy\" decoding=\"async\" width=\"1200\" height=\"1200\" src=\"https:\/\/wellness-lagoon.com\/wp-content\/uploads\/2021\/06\/Tiger-Balm_White_30g_4x-1.jpg\" class=\"attachment-full size-full wp-post-image\" alt=\"4x Tiger Balm White 30g\" srcset=\"https:\/\/wellness-lagoon.com\/wp-content\/uploads\/2021\/06\/Tiger-Balm_White_30g_4x-1.jpg 1200w, https:\/\/wellness-lagoon.com\/wp-content\/uploads\/2021\/06\/Tiger-Balm_White_30g_4x-1-300x300.jpg 300w, https:\/\/wellness-lagoon.com\/wp-content\/uploads\/2021\/06\/Tiger-Balm_White_30g_4x-1-100x100.jpg 100w, https:\/\/wellness-lagoon.com\/wp-content\/uploads\/2021\/06\/Tiger-Balm_White_30g_4x-1-600x600.jpg 600w\" sizes=\"auto, (max-width: 1200px) 100vw, 1200px\" \/>                <\/a>\n                <\/div>\n\n\n                <\/div>\r\n            <\/div>\r\n            <div class=\"wppg-top-wrap\">\r\n                            <\/div>\r\n            <div class=\"wppg-details-wrap\">\r\n                <div class=\"wppg-price\">\r\n    \n\t<span class=\"price\"><span class=\"sale-price\"><del aria-hidden=\"true\"><span class=\"woocommerce-Price-amount amount\"><bdi><span class=\"woocommerce-Price-currencySymbol\">&#3647;<\/span>&nbsp;850<\/bdi><\/span><\/del> <span class=\"screen-reader-text\" data-no-translation=\"\" data-trp-gettext=\"\">Le prix initial \u00e9tait\u00a0: &#3647;&nbsp;850.<\/span><ins aria-hidden=\"true\"><span class=\"woocommerce-Price-amount amount\"><bdi><span class=\"woocommerce-Price-currencySymbol\">&#3647;<\/span>&nbsp;769<\/bdi><\/span><\/ins><span class=\"screen-reader-text\" data-no-translation=\"\" data-trp-gettext=\"\">Le prix actuel est\u00a0: &#3647;&nbsp;769.<\/span><\/span><\/span>\n<\/div>                <div class=\"wppg-buttons-collection wppg-clearfix\">\r\n                                    <\/div>\r\n                            <\/div>\r\n                <\/div>\r\n\r\n<\/div>\r\n<div class=\"wppg-inner-wrap\">\r\n    <div class=\"wppg-inner-wrap-contain\">\r\n                    <div class=\"wppg-image-hover-wrap\">\r\n                <div class=\"wppg-image-second-container\">\r\n                    <div class=\"wppg-image\">\n                    <a href=\"https:\/\/wellness-lagoon.com\/fr\/produit\/6x-tiger-balm-white-30g\/\" target=\"_blank\">\n                    <img loading=\"lazy\" decoding=\"async\" width=\"1200\" height=\"1200\" src=\"https:\/\/wellness-lagoon.com\/wp-content\/uploads\/2021\/06\/Tiger-Balm_White_30g_6x-1.jpg\" class=\"attachment-full size-full wp-post-image\" alt=\"6x Tiger Balm White 30g\" srcset=\"https:\/\/wellness-lagoon.com\/wp-content\/uploads\/2021\/06\/Tiger-Balm_White_30g_6x-1.jpg 1200w, https:\/\/wellness-lagoon.com\/wp-content\/uploads\/2021\/06\/Tiger-Balm_White_30g_6x-1-300x300.jpg 300w, https:\/\/wellness-lagoon.com\/wp-content\/uploads\/2021\/06\/Tiger-Balm_White_30g_6x-1-100x100.jpg 100w, https:\/\/wellness-lagoon.com\/wp-content\/uploads\/2021\/06\/Tiger-Balm_White_30g_6x-1-600x600.jpg 600w\" sizes=\"auto, (max-width: 1200px) 100vw, 1200px\" \/>                <\/a>\n                <\/div>\n\n\n                <\/div>\r\n            <\/div>\r\n            <div class=\"wppg-top-wrap\">\r\n                            <\/div>\r\n            <div class=\"wppg-details-wrap\">\r\n                <div class=\"wppg-price\">\r\n    \n\t<span class=\"price\"><span class=\"sale-price\"><del aria-hidden=\"true\"><span class=\"woocommerce-Price-amount amount\"><bdi><span class=\"woocommerce-Price-currencySymbol\">&#3647;<\/span>&nbsp;1,170<\/bdi><\/span><\/del> <span class=\"screen-reader-text\" data-no-translation=\"\" data-trp-gettext=\"\">Le prix initial \u00e9tait\u00a0: &#3647;&nbsp;1,170.<\/span><ins aria-hidden=\"true\"><span class=\"woocommerce-Price-amount amount\"><bdi><span class=\"woocommerce-Price-currencySymbol\">&#3647;<\/span>&nbsp;1,049<\/bdi><\/span><\/ins><span class=\"screen-reader-text\" data-no-translation=\"\" data-trp-gettext=\"\">Le prix actuel est\u00a0: &#3647;&nbsp;1,049.<\/span><\/span><\/span>\n<\/div>                <div class=\"wppg-buttons-collection wppg-clearfix\">\r\n                                    <\/div>\r\n                            <\/div>\r\n                <\/div>\r\n\r\n<\/div>\r\n<div class=\"wppg-inner-wrap\">\r\n    <div class=\"wppg-inner-wrap-contain\">\r\n                    <div class=\"wppg-image-hover-wrap\">\r\n                <div class=\"wppg-image-second-container\">\r\n                    <div class=\"wppg-image\">\n                    <a href=\"https:\/\/wellness-lagoon.com\/fr\/produit\/10x-tiger-balm-white-30g\/\" target=\"_blank\">\n                    <img loading=\"lazy\" decoding=\"async\" width=\"1200\" height=\"1200\" src=\"https:\/\/wellness-lagoon.com\/wp-content\/uploads\/2021\/06\/Tiger-Balm_White_30g_10x-1.jpg\" class=\"attachment-full size-full wp-post-image\" alt=\"10x Tiger Balm White 30g\" srcset=\"https:\/\/wellness-lagoon.com\/wp-content\/uploads\/2021\/06\/Tiger-Balm_White_30g_10x-1.jpg 1200w, https:\/\/wellness-lagoon.com\/wp-content\/uploads\/2021\/06\/Tiger-Balm_White_30g_10x-1-300x300.jpg 300w, https:\/\/wellness-lagoon.com\/wp-content\/uploads\/2021\/06\/Tiger-Balm_White_30g_10x-1-100x100.jpg 100w, https:\/\/wellness-lagoon.com\/wp-content\/uploads\/2021\/06\/Tiger-Balm_White_30g_10x-1-600x600.jpg 600w\" sizes=\"auto, (max-width: 1200px) 100vw, 1200px\" \/>                <\/a>\n                <\/div>\n\n\n                <\/div>\r\n            <\/div>\r\n            <div class=\"wppg-top-wrap\">\r\n                            <\/div>\r\n            <div class=\"wppg-details-wrap\">\r\n                <div class=\"wppg-price\">\r\n    \n\t<span class=\"price\"><span class=\"sale-price\"><del aria-hidden=\"true\"><span class=\"woocommerce-Price-amount amount\"><bdi><span class=\"woocommerce-Price-currencySymbol\">&#3647;<\/span>&nbsp;1,800<\/bdi><\/span><\/del> <span class=\"screen-reader-text\" data-no-translation=\"\" data-trp-gettext=\"\">Le prix initial \u00e9tait\u00a0: &#3647;&nbsp;1,800.<\/span><ins aria-hidden=\"true\"><span class=\"woocommerce-Price-amount amount\"><bdi><span class=\"woocommerce-Price-currencySymbol\">&#3647;<\/span>&nbsp;1,619<\/bdi><\/span><\/ins><span class=\"screen-reader-text\" data-no-translation=\"\" data-trp-gettext=\"\">Le prix actuel est\u00a0: &#3647;&nbsp;1,619.<\/span><\/span><\/span>\n<\/div>                <div class=\"wppg-buttons-collection wppg-clearfix\">\r\n                                    <\/div>\r\n                            <\/div>\r\n                <\/div>\r\n\r\n<\/div>\r\n    <\/div>\n<\/div>\n\n\n\n<\/span><\/h3>\n<h2 style=\"padding-left: 120px;\"><span style=\"font-family: verdana, geneva, sans-serif;\"><img loading=\"lazy\" decoding=\"async\" class=\"aligncenter wp-image-401 size-full\" title=\"Produits Baume du Tigre - Baumes, huiles, empl\u00e2tres, etc...\" src=\"https:\/\/wellness-lagoon.com\/wp-content\/uploads\/2021\/06\/Tiger-Balm_logo_banner.jpg\" alt=\"Tiger Balm\" width=\"1915\" height=\"911\" srcset=\"https:\/\/wellness-lagoon.com\/wp-content\/uploads\/2021\/06\/Tiger-Balm_logo_banner.jpg 1915w, https:\/\/wellness-lagoon.com\/wp-content\/uploads\/2021\/06\/Tiger-Balm_logo_banner-600x285.jpg 600w\" sizes=\"auto, (max-width: 1915px) 100vw, 1915px\" \/><\/span><\/h2>\n<p><span style=\"font-family: verdana, geneva, sans-serif;\">\u00a0<\/span><\/p>","protected":false},"excerpt":{"rendered":"<ul>\n<li><span style=\"font-family: verdana, geneva, sans-serif;\">2x baume blanc 10g\u00a0<\/span><\/li>\n<li><span style=\"font-family: verdana, geneva, sans-serif;\">refroidissant et apaisant<\/span><\/li>\n<li><span style=\"font-family: verdana, geneva, sans-serif;\">soulage les sympt\u00f4mes du rhume<\/span><\/li>\n<li><span style=\"font-family: verdana, geneva, sans-serif;\">soulage les d\u00e9mangeaisons, par ex. des piq\u00fbres d'insectes<\/span><\/li>\n<li><span style=\"font-family: verdana, geneva, sans-serif;\">pour usage externe uniquement<\/span><\/li>\n<\/ul>","protected":false},"featured_media":456,"comment_status":"open","ping_status":"closed","template":"","meta":[],"product_brand":[],"product_cat":[17],"product_tag":[53,38,40,50,51,42,44,47,55,77,54,56],"class_list":{"0":"post-399","1":"product","2":"type-product","3":"status-publish","4":"has-post-thumbnail","6":"product_cat-balms-ointments","7":"product_tag-10g","8":"product_tag-2-pack","9":"product_tag-balm","10":"product_tag-cool","11":"product_tag-cooling","12":"product_tag-muscular","13":"product_tag-pain","14":"product_tag-relief","15":"product_tag-tiger-balm","16":"product_tag-tiger-balm-white","17":"product_tag-white","18":"product_tag-white-balm","20":"first","21":"onbackorder","22":"sale","23":"shipping-taxable","24":"purchasable","25":"product-type-simple"},"_links":{"self":[{"href":"https:\/\/wellness-lagoon.com\/fr\/wp-json\/wp\/v2\/product\/399","targetHints":{"allow":["GET"]}}],"collection":[{"href":"https:\/\/wellness-lagoon.com\/fr\/wp-json\/wp\/v2\/product"}],"about":[{"href":"https:\/\/wellness-lagoon.com\/fr\/wp-json\/wp\/v2\/types\/product"}],"replies":[{"embeddable":true,"href":"https:\/\/wellness-lagoon.com\/fr\/wp-json\/wp\/v2\/comments?post=399"}],"wp:featuredmedia":[{"embeddable":true,"href":"https:\/\/wellness-lagoon.com\/fr\/wp-json\/wp\/v2\/media\/456"}],"wp:attachment":[{"href":"https:\/\/wellness-lagoon.com\/fr\/wp-json\/wp\/v2\/media?parent=399"}],"wp:term":[{"taxonomy":"product_brand","embeddable":true,"href":"https:\/\/wellness-lagoon.com\/fr\/wp-json\/wp\/v2\/product_brand?post=399"},{"taxonomy":"product_cat","embeddable":true,"href":"https:\/\/wellness-lagoon.com\/fr\/wp-json\/wp\/v2\/product_cat?post=399"},{"taxonomy":"product_tag","embeddable":true,"href":"https:\/\/wellness-lagoon.com\/fr\/wp-json\/wp\/v2\/product_tag?post=399"}],"curies":[{"name":"wp","href":"https:\/\/api.w.org\/{rel}","templated":true}]}}