{"id":447,"date":"2021-06-06T23:23:47","date_gmt":"2021-06-06T16:23:47","guid":{"rendered":"https:\/\/wellness-lagoon.com\/?post_type=product&#038;p=447"},"modified":"2021-07-07T12:46:39","modified_gmt":"2021-07-07T05:46:39","slug":"6x-tiger-balm-red-10g","status":"publish","type":"product","link":"https:\/\/wellness-lagoon.com\/fr\/produit\/6x-tiger-balm-red-10g\/","title":{"rendered":"6x Baume du Tigre Rouge 10g"},"content":{"rendered":"<div data-id='wppg_2560692' class=\"woocommerce wppg-product-outer-wrapper-334311454 wppg-main-product-wrapper wppg-grid-template-2 wppg-grid wppg-desktop-col-4\" >\n       \n    <div class=\"wppg-layout-grid-section wppg-clearfix\" >\n             <div class=\"wppg-inner-wrap\">\r\n    <div class=\"wppg-inner-wrap-contain\">\r\n                    <div class=\"wppg-image-hover-wrap\">\r\n                <div class=\"wppg-image-second-container\">\r\n                    <div class=\"wppg-image\">\n                    <a href=\"https:\/\/wellness-lagoon.com\/fr\/produit\/2x-tiger-balm-red-10g\/\" target=\"_blank\">\n                    <img loading=\"lazy\" decoding=\"async\" width=\"1200\" height=\"1200\" src=\"https:\/\/wellness-lagoon.com\/wp-content\/uploads\/2021\/06\/Tiger-Balm_Red_10g_2x.jpg\" class=\"attachment-full size-full wp-post-image\" alt=\"2x Tiger Balm Red 10g\" srcset=\"https:\/\/wellness-lagoon.com\/wp-content\/uploads\/2021\/06\/Tiger-Balm_Red_10g_2x.jpg 1200w, https:\/\/wellness-lagoon.com\/wp-content\/uploads\/2021\/06\/Tiger-Balm_Red_10g_2x-300x300.jpg 300w, https:\/\/wellness-lagoon.com\/wp-content\/uploads\/2021\/06\/Tiger-Balm_Red_10g_2x-100x100.jpg 100w, https:\/\/wellness-lagoon.com\/wp-content\/uploads\/2021\/06\/Tiger-Balm_Red_10g_2x-600x600.jpg 600w\" sizes=\"auto, (max-width: 1200px) 100vw, 1200px\" \/>                <\/a>\n                <\/div>\n\n\n                <\/div>\r\n            <\/div>\r\n            <div class=\"wppg-top-wrap\">\r\n                            <\/div>\r\n            <div class=\"wppg-details-wrap\">\r\n                <div class=\"wppg-price\">\r\n    \n\t<span class=\"price\"><span class=\"sale-price\"><del aria-hidden=\"true\"><span class=\"woocommerce-Price-amount amount\"><bdi><span class=\"woocommerce-Price-currencySymbol\">&#3647;<\/span>&nbsp;370<\/bdi><\/span><\/del> <span class=\"screen-reader-text\" data-no-translation=\"\" data-trp-gettext=\"\">Le prix initial \u00e9tait\u00a0: &#3647;&nbsp;370.<\/span><ins aria-hidden=\"true\"><span class=\"woocommerce-Price-amount amount\"><bdi><span class=\"woocommerce-Price-currencySymbol\">&#3647;<\/span>&nbsp;370<\/bdi><\/span><\/ins><span class=\"screen-reader-text\" data-no-translation=\"\" data-trp-gettext=\"\">Le prix actuel est\u00a0: &#3647;&nbsp;370.<\/span><\/span><\/span>\n<\/div>                <div class=\"wppg-buttons-collection wppg-clearfix\">\r\n                                    <\/div>\r\n                            <\/div>\r\n                <\/div>\r\n\r\n<\/div>\r\n<div class=\"wppg-inner-wrap\">\r\n    <div class=\"wppg-inner-wrap-contain\">\r\n                    <div class=\"wppg-image-hover-wrap\">\r\n                <div class=\"wppg-image-second-container\">\r\n                    <div class=\"wppg-image\">\n                    <a href=\"https:\/\/wellness-lagoon.com\/fr\/produit\/4x-tiger-balm-red-10g\/\" target=\"_blank\">\n                    <img loading=\"lazy\" decoding=\"async\" width=\"1200\" height=\"1200\" src=\"https:\/\/wellness-lagoon.com\/wp-content\/uploads\/2021\/06\/Tiger-Balm_Red_10g_4x.jpg\" class=\"attachment-full size-full wp-post-image\" alt=\"4x Tiger Balm Red 10g\" srcset=\"https:\/\/wellness-lagoon.com\/wp-content\/uploads\/2021\/06\/Tiger-Balm_Red_10g_4x.jpg 1200w, https:\/\/wellness-lagoon.com\/wp-content\/uploads\/2021\/06\/Tiger-Balm_Red_10g_4x-300x300.jpg 300w, https:\/\/wellness-lagoon.com\/wp-content\/uploads\/2021\/06\/Tiger-Balm_Red_10g_4x-100x100.jpg 100w, https:\/\/wellness-lagoon.com\/wp-content\/uploads\/2021\/06\/Tiger-Balm_Red_10g_4x-600x600.jpg 600w\" sizes=\"auto, (max-width: 1200px) 100vw, 1200px\" \/>                <\/a>\n                <\/div>\n\n\n                <\/div>\r\n            <\/div>\r\n            <div class=\"wppg-top-wrap\">\r\n                            <\/div>\r\n            <div class=\"wppg-details-wrap\">\r\n                <div class=\"wppg-price\">\r\n    \n\t<span class=\"price\"><span class=\"sale-price\"><del aria-hidden=\"true\"><span class=\"woocommerce-Price-amount amount\"><bdi><span class=\"woocommerce-Price-currencySymbol\">&#3647;<\/span>&nbsp;630<\/bdi><\/span><\/del> <span class=\"screen-reader-text\" data-no-translation=\"\" data-trp-gettext=\"\">Le prix initial \u00e9tait\u00a0: &#3647;&nbsp;630.<\/span><ins aria-hidden=\"true\"><span class=\"woocommerce-Price-amount amount\"><bdi><span class=\"woocommerce-Price-currencySymbol\">&#3647;<\/span>&nbsp;569<\/bdi><\/span><\/ins><span class=\"screen-reader-text\" data-no-translation=\"\" data-trp-gettext=\"\">Le prix actuel est\u00a0: &#3647;&nbsp;569.<\/span><\/span><\/span>\n<\/div>                <div class=\"wppg-buttons-collection wppg-clearfix\">\r\n                                    <\/div>\r\n                            <\/div>\r\n                <\/div>\r\n\r\n<\/div>\r\n<div class=\"wppg-inner-wrap\">\r\n    <div class=\"wppg-inner-wrap-contain\">\r\n                    <div class=\"wppg-image-hover-wrap\">\r\n                <div class=\"wppg-image-second-container\">\r\n                    <div class=\"wppg-image\">\n                    <a href=\"https:\/\/wellness-lagoon.com\/fr\/produit\/6x-tiger-balm-red-10g\/\" target=\"_blank\">\n                    <img loading=\"lazy\" decoding=\"async\" width=\"1200\" height=\"1200\" src=\"https:\/\/wellness-lagoon.com\/wp-content\/uploads\/2021\/06\/Tiger-Balm_Red_10g_6x.jpg\" class=\"attachment-full size-full wp-post-image\" alt=\"6x Tiger Balm Red 10g\" srcset=\"https:\/\/wellness-lagoon.com\/wp-content\/uploads\/2021\/06\/Tiger-Balm_Red_10g_6x.jpg 1200w, https:\/\/wellness-lagoon.com\/wp-content\/uploads\/2021\/06\/Tiger-Balm_Red_10g_6x-300x300.jpg 300w, https:\/\/wellness-lagoon.com\/wp-content\/uploads\/2021\/06\/Tiger-Balm_Red_10g_6x-100x100.jpg 100w, https:\/\/wellness-lagoon.com\/wp-content\/uploads\/2021\/06\/Tiger-Balm_Red_10g_6x-600x600.jpg 600w\" sizes=\"auto, (max-width: 1200px) 100vw, 1200px\" \/>                <\/a>\n                <\/div>\n\n\n                <\/div>\r\n            <\/div>\r\n            <div class=\"wppg-top-wrap\">\r\n                            <\/div>\r\n            <div class=\"wppg-details-wrap\">\r\n                <div class=\"wppg-price\">\r\n    \n\t<span class=\"price\"><span class=\"sale-price\"><del aria-hidden=\"true\"><span class=\"woocommerce-Price-amount amount\"><bdi><span class=\"woocommerce-Price-currencySymbol\">&#3647;<\/span>&nbsp;850<\/bdi><\/span><\/del> <span class=\"screen-reader-text\" data-no-translation=\"\" data-trp-gettext=\"\">Le prix initial \u00e9tait\u00a0: &#3647;&nbsp;850.<\/span><ins aria-hidden=\"true\"><span class=\"woocommerce-Price-amount amount\"><bdi><span class=\"woocommerce-Price-currencySymbol\">&#3647;<\/span>&nbsp;769<\/bdi><\/span><\/ins><span class=\"screen-reader-text\" data-no-translation=\"\" data-trp-gettext=\"\">Le prix actuel est\u00a0: &#3647;&nbsp;769.<\/span><\/span><\/span>\n<\/div>                <div class=\"wppg-buttons-collection wppg-clearfix\">\r\n                                    <\/div>\r\n                            <\/div>\r\n                <\/div>\r\n\r\n<\/div>\r\n<div class=\"wppg-inner-wrap\">\r\n    <div class=\"wppg-inner-wrap-contain\">\r\n                    <div class=\"wppg-image-hover-wrap\">\r\n                <div class=\"wppg-image-second-container\">\r\n                    <div class=\"wppg-image\">\n                    <a href=\"https:\/\/wellness-lagoon.com\/fr\/produit\/10x-tiger-balm-red-10g\/\" target=\"_blank\">\n                    <img loading=\"lazy\" decoding=\"async\" width=\"1200\" height=\"1200\" src=\"https:\/\/wellness-lagoon.com\/wp-content\/uploads\/2021\/06\/Tiger-Balm_Red_10g_10x.jpg\" class=\"attachment-full size-full wp-post-image\" alt=\"10x Tiger Balm Red 10g\" srcset=\"https:\/\/wellness-lagoon.com\/wp-content\/uploads\/2021\/06\/Tiger-Balm_Red_10g_10x.jpg 1200w, https:\/\/wellness-lagoon.com\/wp-content\/uploads\/2021\/06\/Tiger-Balm_Red_10g_10x-300x300.jpg 300w, https:\/\/wellness-lagoon.com\/wp-content\/uploads\/2021\/06\/Tiger-Balm_Red_10g_10x-100x100.jpg 100w, https:\/\/wellness-lagoon.com\/wp-content\/uploads\/2021\/06\/Tiger-Balm_Red_10g_10x-600x600.jpg 600w\" sizes=\"auto, (max-width: 1200px) 100vw, 1200px\" \/>                <\/a>\n                <\/div>\n\n\n                <\/div>\r\n            <\/div>\r\n            <div class=\"wppg-top-wrap\">\r\n                            <\/div>\r\n            <div class=\"wppg-details-wrap\">\r\n                <div class=\"wppg-price\">\r\n    \n\t<span class=\"price\"><span class=\"sale-price\"><del aria-hidden=\"true\"><span class=\"woocommerce-Price-amount amount\"><bdi><span class=\"woocommerce-Price-currencySymbol\">&#3647;<\/span>&nbsp;1,280<\/bdi><\/span><\/del> <span class=\"screen-reader-text\" data-no-translation=\"\" data-trp-gettext=\"\">Le prix initial \u00e9tait\u00a0: &#3647;&nbsp;1,280.<\/span><ins aria-hidden=\"true\"><span class=\"woocommerce-Price-amount amount\"><bdi><span class=\"woocommerce-Price-currencySymbol\">&#3647;<\/span>&nbsp;1,149<\/bdi><\/span><\/ins><span class=\"screen-reader-text\" data-no-translation=\"\" data-trp-gettext=\"\">Le prix actuel est\u00a0: &#3647;&nbsp;1,149.<\/span><\/span><\/span>\n<\/div>                <div class=\"wppg-buttons-collection wppg-clearfix\">\r\n                                    <\/div>\r\n                            <\/div>\r\n                <\/div>\r\n\r\n<\/div>\r\n    <\/div>\n<\/div>\n\n\n\n\n<p><img loading=\"lazy\" decoding=\"async\" class=\"wp-image-405 size-full alignright\" title=\"baume du tigre\" src=\"https:\/\/wellness-lagoon.com\/wp-content\/uploads\/2021\/06\/Tiger-Balm_Red_Label_250.png\" alt=\"Tiger Balm Red Logo\" width=\"250\" height=\"250\" srcset=\"https:\/\/wellness-lagoon.com\/wp-content\/uploads\/2021\/06\/Tiger-Balm_Red_Label_250.png 250w, https:\/\/wellness-lagoon.com\/wp-content\/uploads\/2021\/06\/Tiger-Balm_Red_Label_250-100x100.png 100w\" sizes=\"auto, (max-width: 250px) 100vw, 250px\" \/><\/p>\n<h2 style=\"padding-left: 120px;\"><span style=\"font-family: verdana, geneva, sans-serif;\">6x Baume du Tigre Rouge 10g<\/span><\/h2>\n<p><span style=\"font-family: verdana, geneva, sans-serif;\">Ce baume du tigre rouge classique est compos\u00e9 d'ingr\u00e9dients \u00e0 base de plantes et poss\u00e8de des propri\u00e9t\u00e9s r\u00e9chauffantes et circulatoires.<\/span><\/p>\n<h3 style=\"padding-left: 40px;\"><span style=\"font-family: verdana, geneva, sans-serif;\">champ d'application:<\/span><\/h3>\n<p><span style=\"font-family: verdana, geneva, sans-serif;\">Le Baume du Tigre Rouge a un effet r\u00e9chauffant et circulatoire et est recommand\u00e9 en cas de tensions, de maux de dos, d'inconforts musculaires et articulaires, de maladies rhumatismales, d'arthrose, de sciatique, de lumbago, de raideur de la nuque et a un parfum apaisant.<\/span><\/p>\n<h3 style=\"padding-left: 40px;\"><strong style=\"font-family: verdana, geneva, sans-serif;\">Ingr\u00e9dients:<\/strong><\/h3>\n<p style=\"text-align: left; padding-left: 80px;\"><span style=\"font-family: verdana, geneva, sans-serif;\"><strong>Camphre<\/strong>: 25 %, <\/span><span style=\"font-family: verdana, geneva, sans-serif;\"><strong>Menthol<\/strong>: 10 %, <\/span><span style=\"font-family: verdana, geneva, sans-serif;\"><strong>Huile de cajuput<\/strong>: 7 %, <\/span><span style=\"font-family: verdana, geneva, sans-serif;\"><strong>Huile de menthe<\/strong>: 6 %, <\/span><span style=\"font-family: verdana, geneva, sans-serif;\"><strong>Huile de clou de girofle<\/strong>: 5 %, <\/span><span style=\"font-family: verdana, geneva, sans-serif;\"><strong>Huile de cassia<\/strong>: 5 %<\/span><\/p>\n<h3 style=\"padding-left: 40px;\"><span style=\"font-family: verdana, geneva, sans-serif;\"><strong>Prudence:<img loading=\"lazy\" decoding=\"async\" class=\"size-full wp-image-400 alignright\" src=\"https:\/\/wellness-lagoon.com\/wp-content\/uploads\/2021\/06\/Tiger-Balm_tiger_logo.png\" alt=\"Tiger Balm\" width=\"121\" height=\"73\" \/><\/strong> <\/span><\/h3>\n<ul>\n<li><span style=\"font-family: verdana, geneva, sans-serif;\">Pour usage externe uniquement !<\/span><\/li>\n<li><span style=\"font-family: verdana, geneva, sans-serif;\">Faites <strong>attention \u00e0 ne pas mettre le baume dans (ou \u00e0 proximit\u00e9) de vos yeux, de vos plaies ouvertes, de vos muqueuses, etc !!!<\/strong><\/span><\/li>\n<li><span style=\"font-family: verdana, geneva, sans-serif;\">Ne pas utiliser avec des coussins chauffants ou des appareils chauffants.<\/span><\/li>\n<li><span style=\"font-family: verdana, geneva, sans-serif;\">Ce baume peut avoir un effet assez agressif sur les peaux sensibles et entra\u00eener des irritations cutan\u00e9es, voire des inflammations \u2013 appliquez-le avec pr\u00e9caution !<\/span><\/li>\n<li><span style=\"font-family: verdana, geneva, sans-serif;\"><strong>Ce baume analg\u00e9sique ne remplace et ne remplace aucun m\u00e9dicament.<\/strong> <\/span><\/li>\n<li><span style=\"font-family: verdana, geneva, sans-serif;\">Conserver \u00e0 une temp\u00e9rature inf\u00e9rieure \u00e0 30\u00b0C.<\/span><\/li>\n<\/ul>\n<h3 style=\"padding-left: 40px;\"><span style=\"font-family: verdana, geneva, sans-serif;\"><strong>Note:<\/strong> <\/span><\/h3>\n<p><span style=\"font-family: verdana, geneva, sans-serif;\">Nous tenons \u00e0 souligner que nous ne stockons g\u00e9n\u00e9ralement PAS de baumes, huiles, cr\u00e8mes et autres produits de sant\u00e9 et de soins car ils ont une date de p\u00e9remption, mais que nous achetons toujours ces produits \u00ab frais \u00bb pour chaque commande. Par cons\u00e9quent, l'exp\u00e9dition peut \u00e9ventuellement \u00eatre retard\u00e9e de 1 \u00e0 2 jours.<\/span><\/p>\n<h3 style=\"padding-left: 40px;\"><span style=\"font-family: verdana, geneva, sans-serif;\">Nous proposons \u00e9galement le Baume du Tigre Rouge 30g : <div data-id='wppg_7791900' class=\"woocommerce wppg-product-outer-wrapper-251044285 wppg-main-product-wrapper wppg-grid-template-2 wppg-grid wppg-desktop-col-4\" >\n       \n    <div class=\"wppg-layout-grid-section wppg-clearfix\" >\n             <div class=\"wppg-inner-wrap\">\r\n    <div class=\"wppg-inner-wrap-contain\">\r\n                    <div class=\"wppg-image-hover-wrap\">\r\n                <div class=\"wppg-image-second-container\">\r\n                    <div class=\"wppg-image\">\n                    <a href=\"https:\/\/wellness-lagoon.com\/fr\/produit\/2x-tiger-balm-red-30g\/\" target=\"_blank\">\n                    <img loading=\"lazy\" decoding=\"async\" width=\"1200\" height=\"1200\" src=\"https:\/\/wellness-lagoon.com\/wp-content\/uploads\/2021\/06\/Tiger-Balm_Red_30g_2x.jpg\" class=\"attachment-full size-full wp-post-image\" alt=\"2x Tiger Balm Red 30g\" srcset=\"https:\/\/wellness-lagoon.com\/wp-content\/uploads\/2021\/06\/Tiger-Balm_Red_30g_2x.jpg 1200w, https:\/\/wellness-lagoon.com\/wp-content\/uploads\/2021\/06\/Tiger-Balm_Red_30g_2x-300x300.jpg 300w, https:\/\/wellness-lagoon.com\/wp-content\/uploads\/2021\/06\/Tiger-Balm_Red_30g_2x-100x100.jpg 100w, https:\/\/wellness-lagoon.com\/wp-content\/uploads\/2021\/06\/Tiger-Balm_Red_30g_2x-600x600.jpg 600w\" sizes=\"auto, (max-width: 1200px) 100vw, 1200px\" \/>                <\/a>\n                <\/div>\n\n\n                <\/div>\r\n            <\/div>\r\n            <div class=\"wppg-top-wrap\">\r\n                            <\/div>\r\n            <div class=\"wppg-details-wrap\">\r\n                <div class=\"wppg-price\">\r\n    \n\t<span class=\"price\"><span class=\"sale-price\"><del aria-hidden=\"true\"><span class=\"woocommerce-Price-amount amount\"><bdi><span class=\"woocommerce-Price-currencySymbol\">&#3647;<\/span>&nbsp;500<\/bdi><\/span><\/del> <span class=\"screen-reader-text\" data-no-translation=\"\" data-trp-gettext=\"\">Le prix initial \u00e9tait\u00a0: &#3647;&nbsp;500.<\/span><ins aria-hidden=\"true\"><span class=\"woocommerce-Price-amount amount\"><bdi><span class=\"woocommerce-Price-currencySymbol\">&#3647;<\/span>&nbsp;500<\/bdi><\/span><\/ins><span class=\"screen-reader-text\" data-no-translation=\"\" data-trp-gettext=\"\">Le prix actuel est\u00a0: &#3647;&nbsp;500.<\/span><\/span><\/span>\n<\/div>                <div class=\"wppg-buttons-collection wppg-clearfix\">\r\n                                    <\/div>\r\n                            <\/div>\r\n                <\/div>\r\n\r\n<\/div>\r\n<div class=\"wppg-inner-wrap\">\r\n    <div class=\"wppg-inner-wrap-contain\">\r\n                    <div class=\"wppg-image-hover-wrap\">\r\n                <div class=\"wppg-image-second-container\">\r\n                    <div class=\"wppg-image\">\n                    <a href=\"https:\/\/wellness-lagoon.com\/fr\/produit\/4x-tiger-balm-red-30g\/\" target=\"_blank\">\n                    <img loading=\"lazy\" decoding=\"async\" width=\"1200\" height=\"1200\" src=\"https:\/\/wellness-lagoon.com\/wp-content\/uploads\/2021\/06\/Tiger-Balm_Red_30g_4x.jpg\" class=\"attachment-full size-full wp-post-image\" alt=\"4x Tiger Balm Red 30g\" srcset=\"https:\/\/wellness-lagoon.com\/wp-content\/uploads\/2021\/06\/Tiger-Balm_Red_30g_4x.jpg 1200w, https:\/\/wellness-lagoon.com\/wp-content\/uploads\/2021\/06\/Tiger-Balm_Red_30g_4x-300x300.jpg 300w, https:\/\/wellness-lagoon.com\/wp-content\/uploads\/2021\/06\/Tiger-Balm_Red_30g_4x-100x100.jpg 100w, https:\/\/wellness-lagoon.com\/wp-content\/uploads\/2021\/06\/Tiger-Balm_Red_30g_4x-600x600.jpg 600w\" sizes=\"auto, (max-width: 1200px) 100vw, 1200px\" \/>                <\/a>\n                <\/div>\n\n\n                <\/div>\r\n            <\/div>\r\n            <div class=\"wppg-top-wrap\">\r\n                            <\/div>\r\n            <div class=\"wppg-details-wrap\">\r\n                <div class=\"wppg-price\">\r\n    \n\t<span class=\"price\"><span class=\"sale-price\"><del aria-hidden=\"true\"><span class=\"woocommerce-Price-amount amount\"><bdi><span class=\"woocommerce-Price-currencySymbol\">&#3647;<\/span>&nbsp;850<\/bdi><\/span><\/del> <span class=\"screen-reader-text\" data-no-translation=\"\" data-trp-gettext=\"\">Le prix initial \u00e9tait\u00a0: &#3647;&nbsp;850.<\/span><ins aria-hidden=\"true\"><span class=\"woocommerce-Price-amount amount\"><bdi><span class=\"woocommerce-Price-currencySymbol\">&#3647;<\/span>&nbsp;769<\/bdi><\/span><\/ins><span class=\"screen-reader-text\" data-no-translation=\"\" data-trp-gettext=\"\">Le prix actuel est\u00a0: &#3647;&nbsp;769.<\/span><\/span><\/span>\n<\/div>                <div class=\"wppg-buttons-collection wppg-clearfix\">\r\n                                    <\/div>\r\n                            <\/div>\r\n                <\/div>\r\n\r\n<\/div>\r\n<div class=\"wppg-inner-wrap\">\r\n    <div class=\"wppg-inner-wrap-contain\">\r\n                    <div class=\"wppg-image-hover-wrap\">\r\n                <div class=\"wppg-image-second-container\">\r\n                    <div class=\"wppg-image\">\n                    <a href=\"https:\/\/wellness-lagoon.com\/fr\/produit\/6x-tiger-balm-red-30g\/\" target=\"_blank\">\n                    <img loading=\"lazy\" decoding=\"async\" width=\"1200\" height=\"1200\" src=\"https:\/\/wellness-lagoon.com\/wp-content\/uploads\/2021\/06\/Tiger-Balm_Red_30g_6x.jpg\" class=\"attachment-full size-full wp-post-image\" alt=\"6x Tiger Balm Red 30g\" srcset=\"https:\/\/wellness-lagoon.com\/wp-content\/uploads\/2021\/06\/Tiger-Balm_Red_30g_6x.jpg 1200w, https:\/\/wellness-lagoon.com\/wp-content\/uploads\/2021\/06\/Tiger-Balm_Red_30g_6x-300x300.jpg 300w, https:\/\/wellness-lagoon.com\/wp-content\/uploads\/2021\/06\/Tiger-Balm_Red_30g_6x-100x100.jpg 100w, https:\/\/wellness-lagoon.com\/wp-content\/uploads\/2021\/06\/Tiger-Balm_Red_30g_6x-600x600.jpg 600w\" sizes=\"auto, (max-width: 1200px) 100vw, 1200px\" \/>                <\/a>\n                <\/div>\n\n\n                <\/div>\r\n            <\/div>\r\n            <div class=\"wppg-top-wrap\">\r\n                            <\/div>\r\n            <div class=\"wppg-details-wrap\">\r\n                <div class=\"wppg-price\">\r\n    \n\t<span class=\"price\"><span class=\"sale-price\"><del aria-hidden=\"true\"><span class=\"woocommerce-Price-amount amount\"><bdi><span class=\"woocommerce-Price-currencySymbol\">&#3647;<\/span>&nbsp;1,170<\/bdi><\/span><\/del> <span class=\"screen-reader-text\" data-no-translation=\"\" data-trp-gettext=\"\">Le prix initial \u00e9tait\u00a0: &#3647;&nbsp;1,170.<\/span><ins aria-hidden=\"true\"><span class=\"woocommerce-Price-amount amount\"><bdi><span class=\"woocommerce-Price-currencySymbol\">&#3647;<\/span>&nbsp;1,049<\/bdi><\/span><\/ins><span class=\"screen-reader-text\" data-no-translation=\"\" data-trp-gettext=\"\">Le prix actuel est\u00a0: &#3647;&nbsp;1,049.<\/span><\/span><\/span>\n<\/div>                <div class=\"wppg-buttons-collection wppg-clearfix\">\r\n                                    <\/div>\r\n                            <\/div>\r\n                <\/div>\r\n\r\n<\/div>\r\n<div class=\"wppg-inner-wrap\">\r\n    <div class=\"wppg-inner-wrap-contain\">\r\n                    <div class=\"wppg-image-hover-wrap\">\r\n                <div class=\"wppg-image-second-container\">\r\n                    <div class=\"wppg-image\">\n                    <a href=\"https:\/\/wellness-lagoon.com\/fr\/produit\/10x-tiger-balm-red-30g\/\" target=\"_blank\">\n                    <img loading=\"lazy\" decoding=\"async\" width=\"1200\" height=\"1200\" src=\"https:\/\/wellness-lagoon.com\/wp-content\/uploads\/2021\/06\/Tiger-Balm_Red_30g_10x.jpg\" class=\"attachment-full size-full wp-post-image\" alt=\"10x Tiger Balm Red 30g\" srcset=\"https:\/\/wellness-lagoon.com\/wp-content\/uploads\/2021\/06\/Tiger-Balm_Red_30g_10x.jpg 1200w, https:\/\/wellness-lagoon.com\/wp-content\/uploads\/2021\/06\/Tiger-Balm_Red_30g_10x-300x300.jpg 300w, https:\/\/wellness-lagoon.com\/wp-content\/uploads\/2021\/06\/Tiger-Balm_Red_30g_10x-100x100.jpg 100w, https:\/\/wellness-lagoon.com\/wp-content\/uploads\/2021\/06\/Tiger-Balm_Red_30g_10x-600x600.jpg 600w\" sizes=\"auto, (max-width: 1200px) 100vw, 1200px\" \/>                <\/a>\n                <\/div>\n\n\n                <\/div>\r\n            <\/div>\r\n            <div class=\"wppg-top-wrap\">\r\n                            <\/div>\r\n            <div class=\"wppg-details-wrap\">\r\n                <div class=\"wppg-price\">\r\n    \n\t<span class=\"price\"><span class=\"sale-price\"><del aria-hidden=\"true\"><span class=\"woocommerce-Price-amount amount\"><bdi><span class=\"woocommerce-Price-currencySymbol\">&#3647;<\/span>&nbsp;1,800<\/bdi><\/span><\/del> <span class=\"screen-reader-text\" data-no-translation=\"\" data-trp-gettext=\"\">Le prix initial \u00e9tait\u00a0: &#3647;&nbsp;1,800.<\/span><ins aria-hidden=\"true\"><span class=\"woocommerce-Price-amount amount\"><bdi><span class=\"woocommerce-Price-currencySymbol\">&#3647;<\/span>&nbsp;1,619<\/bdi><\/span><\/ins><span class=\"screen-reader-text\" data-no-translation=\"\" data-trp-gettext=\"\">Le prix actuel est\u00a0: &#3647;&nbsp;1,619.<\/span><\/span><\/span>\n<\/div>                <div class=\"wppg-buttons-collection wppg-clearfix\">\r\n                                    <\/div>\r\n                            <\/div>\r\n                <\/div>\r\n\r\n<\/div>\r\n    <\/div>\n<\/div>\n\n\n\n<\/span><\/h3>\n<h2 style=\"padding-left: 120px;\"><span style=\"font-family: verdana, geneva, sans-serif;\"><img loading=\"lazy\" decoding=\"async\" class=\"aligncenter wp-image-401 size-full\" title=\"Produits Baume du Tigre - Baumes, huiles, empl\u00e2tres, etc...\" src=\"https:\/\/wellness-lagoon.com\/wp-content\/uploads\/2021\/06\/Tiger-Balm_logo_banner.jpg\" alt=\"Tiger Balm\" width=\"1915\" height=\"911\" srcset=\"https:\/\/wellness-lagoon.com\/wp-content\/uploads\/2021\/06\/Tiger-Balm_logo_banner.jpg 1915w, https:\/\/wellness-lagoon.com\/wp-content\/uploads\/2021\/06\/Tiger-Balm_logo_banner-600x285.jpg 600w\" sizes=\"auto, (max-width: 1915px) 100vw, 1915px\" \/><\/span><\/h2>\n<p><span style=\"font-family: verdana, geneva, sans-serif;\">\u00a0<\/span><\/p>","protected":false},"excerpt":{"rendered":"<ul>\n<li><span style=\"font-family: verdana, geneva, sans-serif;\">6x baume rouge 10g\u00a0<\/span><\/li>\n<li><span style=\"font-family: verdana, geneva, sans-serif;\">r\u00e9chauffant et apaisant<\/span><\/li>\n<li><span style=\"font-family: verdana, geneva, sans-serif;\">stimule la circulation<\/span><\/li>\n<li><span style=\"font-family: verdana, geneva, sans-serif;\">soulage les maux de dos, les raideurs, etc.<\/span><\/li>\n<li><span style=\"font-family: verdana, geneva, sans-serif;\">pour usage externe uniquement<\/span><\/li>\n<\/ul>","protected":false},"featured_media":438,"comment_status":"open","ping_status":"closed","template":"","meta":[],"product_brand":[],"product_cat":[17],"product_tag":[53,22,40,63,42,44,60,61,47,64,55,78,62],"class_list":{"0":"post-447","1":"product","2":"type-product","3":"status-publish","4":"has-post-thumbnail","6":"product_cat-balms-ointments","7":"product_tag-10g","8":"product_tag-6-pack","9":"product_tag-balm","10":"product_tag-circulation","11":"product_tag-muscular","12":"product_tag-pain","13":"product_tag-red","14":"product_tag-red-balm","15":"product_tag-relief","16":"product_tag-soothing","17":"product_tag-tiger-balm","18":"product_tag-tiger-balm-red","19":"product_tag-warming","21":"first","22":"onbackorder","23":"sale","24":"shipping-taxable","25":"purchasable","26":"product-type-simple"},"_links":{"self":[{"href":"https:\/\/wellness-lagoon.com\/fr\/wp-json\/wp\/v2\/product\/447","targetHints":{"allow":["GET"]}}],"collection":[{"href":"https:\/\/wellness-lagoon.com\/fr\/wp-json\/wp\/v2\/product"}],"about":[{"href":"https:\/\/wellness-lagoon.com\/fr\/wp-json\/wp\/v2\/types\/product"}],"replies":[{"embeddable":true,"href":"https:\/\/wellness-lagoon.com\/fr\/wp-json\/wp\/v2\/comments?post=447"}],"wp:featuredmedia":[{"embeddable":true,"href":"https:\/\/wellness-lagoon.com\/fr\/wp-json\/wp\/v2\/media\/438"}],"wp:attachment":[{"href":"https:\/\/wellness-lagoon.com\/fr\/wp-json\/wp\/v2\/media?parent=447"}],"wp:term":[{"taxonomy":"product_brand","embeddable":true,"href":"https:\/\/wellness-lagoon.com\/fr\/wp-json\/wp\/v2\/product_brand?post=447"},{"taxonomy":"product_cat","embeddable":true,"href":"https:\/\/wellness-lagoon.com\/fr\/wp-json\/wp\/v2\/product_cat?post=447"},{"taxonomy":"product_tag","embeddable":true,"href":"https:\/\/wellness-lagoon.com\/fr\/wp-json\/wp\/v2\/product_tag?post=447"}],"curies":[{"name":"wp","href":"https:\/\/api.w.org\/{rel}","templated":true}]}}