{"id":910,"date":"2022-03-14T19:28:03","date_gmt":"2022-03-14T12:28:03","guid":{"rendered":"https:\/\/wellness-lagoon.com\/?post_type=product&#038;p=910"},"modified":"2023-12-31T14:35:07","modified_gmt":"2023-12-31T07:35:07","slug":"6x-siang-pure-oil-formula-ii-white-7ml","status":"publish","type":"product","link":"https:\/\/wellness-lagoon.com\/fr\/produit\/6x-siang-pure-oil-formula-ii-white-7ml\/","title":{"rendered":"6x Huile Siang Pure \u2013 Formule II (Blanche) \u2013 7 ml"},"content":{"rendered":"<h2 style=\"padding-left: 120px; text-align: center;\"><span style=\"font-family: verdana, geneva, sans-serif;\"><img loading=\"lazy\" decoding=\"async\" class=\"alignright wp-image-335 size-medium\" title=\"Huile Siang Pure\" src=\"https:\/\/wellness-lagoon.com\/wp-content\/uploads\/2021\/05\/Siang-Pure_Label-300x300.png\" alt=\"Siang Pure - Brand\" width=\"300\" height=\"300\" srcset=\"https:\/\/wellness-lagoon.com\/wp-content\/uploads\/2021\/05\/Siang-Pure_Label-300x300.png 300w, https:\/\/wellness-lagoon.com\/wp-content\/uploads\/2021\/05\/Siang-Pure_Label-100x100.png 100w, https:\/\/wellness-lagoon.com\/wp-content\/uploads\/2021\/05\/Siang-Pure_Label.png 350w\" sizes=\"auto, (max-width: 300px) 100vw, 300px\" \/><\/span><\/h2>\n<h2 style=\"padding-left: 0px; text-align: center;\"><span style=\"font-family: verdana, geneva, sans-serif;\">6x Huile Siang Pure \u2013 7 ml<\/span><\/h2>\n<h2 style=\"padding-left: 0px; text-align: center;\"><span style=\"font-family: verdana, geneva, sans-serif;\">Formule II (Blanc)<\/span><\/h2>\n<p style=\"text-align: center;\"><span style=\"font-family: verdana, geneva, sans-serif;\">Liniment \u00e0 frotter ou \u00e0 inhaler pour soulager les \u00e9tourdissements, les douleurs musculaires et les piq\u00fbres d'insectes, etc.<\/span><\/p>\n<p><span style=\"font-family: verdana, geneva, sans-serif;\">Cette huile \u00e0 l'odeur douce est extr\u00eamement populaire en Asie en raison de ses divers effets et applications. Il est fabriqu\u00e9 selon une ancienne recette chinoise et est bas\u00e9 sur des ingr\u00e9dients naturels purs.<\/span><\/p>\n<p><span style=\"font-family: verdana, geneva, sans-serif;\">Siang Pure Oil Formula II (blanc) est une huile plus douce et claire avec un effet rafra\u00eechissant et relaxant et les attributs aromatiques frais de l'huile de menthe poivr\u00e9e.<\/span><\/p>\n<h3 style=\"padding-left: 40px;\"><span style=\"font-family: verdana, geneva, sans-serif;\">champ d'application:<\/span><\/h3>\n<p style=\"text-align: center;\"><span style=\"font-family: verdana, geneva, sans-serif;\"><img loading=\"lazy\" decoding=\"async\" class=\"wp-image-902 size-medium alignright\" src=\"https:\/\/wellness-lagoon.com\/wp-content\/uploads\/2021\/07\/Siang_Pure_Oil_White_Formula_II_3ml_SAMPLE-300x300.png\" alt=\"Siang Pure Oil - Formula II (white) - 3 ml\" width=\"300\" height=\"300\" srcset=\"https:\/\/wellness-lagoon.com\/wp-content\/uploads\/2021\/07\/Siang_Pure_Oil_White_Formula_II_3ml_SAMPLE-300x300.png 300w, https:\/\/wellness-lagoon.com\/wp-content\/uploads\/2021\/07\/Siang_Pure_Oil_White_Formula_II_3ml_SAMPLE-100x100.png 100w, https:\/\/wellness-lagoon.com\/wp-content\/uploads\/2021\/07\/Siang_Pure_Oil_White_Formula_II_3ml_SAMPLE.png 600w\" sizes=\"auto, (max-width: 300px) 100vw, 300px\" \/>Pour les insectes, il appara\u00eet r\u00e9pugnant, mais apaise \u00e9galement les piq\u00fbres d'insectes par la suite.<\/span><br \/>\n<span style=\"font-family: verdana, geneva, sans-serif;\">Pour les sympt\u00f4mes du rhume, il agit de mani\u00e8re lib\u00e9ratrice et peut \u00e9galement \u00eatre utilis\u00e9 directement sous le nez.<\/span><br \/>\n<span style=\"font-family: verdana, geneva, sans-serif;\">Il peut soulager de l\u00e9gers \u00e9tourdissements, des naus\u00e9es et des maux de t\u00eate (bien s\u00fbr, cela d\u00e9pend de la cause).<\/span><br \/>\n<span style=\"font-family: verdana, geneva, sans-serif;\">Il soulage les douleurs musculaires, osseuses et articulaires.<\/span><br \/>\n<span style=\"font-family: verdana, geneva, sans-serif;\">Il favorise la gu\u00e9rison des blessures contondantes (PAS sur les plaies ouvertes).<\/span><\/p>\n<p><span style=\"font-family: verdana, geneva, sans-serif;\">Appliquez simplement plusieurs fois par jour aux endroits appropri\u00e9s.<\/span><br \/>\n<span style=\"font-family: verdana, geneva, sans-serif;\">Le petit flacon en verre est plus petit qu'un briquet et se glisse dans n'importe quelle poche sans s'encombrer.<\/span><\/p>\n<p><span style=\"font-family: verdana, geneva, sans-serif;\">\u2013 Uniquement pour usage externe !<\/span><br \/>\n<span style=\"font-family: verdana, geneva, sans-serif;\">\u2013 Les femmes enceintes et allaitantes, ainsi que les personnes allergiques doivent consulter leur m\u00e9decin au pr\u00e9alable !<\/span><br \/>\n<span style=\"font-family: verdana, geneva, sans-serif;\">\u2013 Tenir hors de port\u00e9e des enfants !<\/span><\/p>\n<h3 style=\"padding-left: 40px; text-align: left;\"><span style=\"font-family: verdana, geneva, sans-serif;\"><strong>Ingr\u00e9dients<\/strong> (pour 100 ml)<strong>:<\/strong><\/span><\/h3>\n<p style=\"padding-left: 40px; text-align: left;\"><span style=\"font-family: verdana, geneva, sans-serif;\">Menthol : 35,4 g<\/span><br \/>\n<span style=\"font-family: verdana, geneva, sans-serif;\">Huile de menthe poivr\u00e9e : 41,8 ml<\/span><br \/>\n<span style=\"font-family: verdana, geneva, sans-serif;\">Camphre : 8,0 g<\/span><br \/>\n<span style=\"font-family: verdana, geneva, sans-serif;\">Acide m\u00e9thylac\u00e9tylsalicylique : 3,4 ml<\/span><br \/>\n<span style=\"font-family: verdana, geneva, sans-serif;\">Huile de clou de girofle\u00a0: 0,3 ml<\/span><br \/>\n<span style=\"font-family: verdana, geneva, sans-serif;\">Huile de cannelle : 0,2 ml<\/span><\/p>\n<h3><span style=\"font-family: verdana, geneva, sans-serif;\"><strong>Prudence:<\/strong> <\/span><\/h3>\n<ul>\n<li><span style=\"font-family: verdana, geneva, sans-serif;\">Faites <strong>attention \u00e0 ne pas mettre d'huile dans (ou \u00e0 proximit\u00e9) de vos yeux, de vos plaies ouvertes, de vos muqueuses, etc !!!<\/strong><\/span><\/li>\n<li><span style=\"font-family: verdana, geneva, sans-serif;\"><strong>Ce liniment huileux ne remplace et ne remplace aucun m\u00e9dicament.<\/strong> <\/span><\/li>\n<li><span style=\"font-family: verdana, geneva, sans-serif;\">L'huile est d'origine naturelle et ne contient aucune substance anti-inflammatoire. <\/span><\/li>\n<\/ul>\n<h3><span style=\"font-family: verdana, geneva, sans-serif;\"><strong>Note:<\/strong> <\/span><\/h3>\n<p><span style=\"font-family: verdana, geneva, sans-serif;\">Nous tenons \u00e0 souligner que nous ne stockons g\u00e9n\u00e9ralement PAS de baumes, huiles, cr\u00e8mes et autres produits de sant\u00e9 et de soins car ils ont une date de p\u00e9remption, mais que nous achetons toujours ces produits \u00ab frais \u00bb pour chaque commande. Par cons\u00e9quent, l'exp\u00e9dition peut \u00e9ventuellement \u00eatre retard\u00e9e de 1 \u00e0 2 jours.<\/span><\/p>\n<p><img loading=\"lazy\" decoding=\"async\" class=\"aligncenter wp-image-881 size-large\" title=\"Huile Siang Pure\" src=\"https:\/\/wellness-lagoon.com\/wp-content\/uploads\/2022\/03\/Siang-Pure-Oil-finecut-1024x271.png\" alt=\"Siang Pure Oil\" width=\"1024\" height=\"271\" \/><\/p>\n<p style=\"text-align: center;\"><span style=\"font-family: verdana, geneva, sans-serif;\">Siang Pure est reconnu dans le monde entier en tant que leader tha\u00eflandais sur le march\u00e9 des huiles m\u00e9dicamenteuses depuis plus de 60 ans, transmettant de g\u00e9n\u00e9ration en g\u00e9n\u00e9ration la sagesse orientale l\u00e9gendaire et s\u00e9culaire de la m\u00e9decine traditionnelle chinoise.<\/span><\/p>","protected":false},"excerpt":{"rendered":"<ul>\n<li><span style=\"font-family: verdana, geneva, sans-serif;\">6x flacons d'huile<\/span><\/li>\n<li><span style=\"font-family: verdana, geneva, sans-serif;\">apaisant, rafra\u00eechissant et soulageant<\/span><\/li>\n<li><span style=\"font-family: verdana, geneva, sans-serif;\">huile essentielle naturelle<\/span><\/li>\n<li><span style=\"font-family: verdana, geneva, sans-serif;\">liniment \u00e0 frictionner ou \u00e0 inhaler<\/span><\/li>\n<li><span style=\"font-family: verdana, geneva, sans-serif;\">7 ml<\/span><\/li>\n<\/ul>","protected":false},"featured_media":889,"comment_status":"open","ping_status":"closed","template":"","meta":[],"product_brand":[],"product_cat":[17],"product_tag":[22,90,28,88,89,36,85,27,24,87,86,35],"class_list":{"0":"post-910","1":"product","2":"type-product","3":"status-publish","4":"has-post-thumbnail","6":"product_cat-balms-ointments","7":"product_tag-6-pack","8":"product_tag-7ml","9":"product_tag-camphor","10":"product_tag-cinnamon","11":"product_tag-clove-oil","12":"product_tag-formula-ii","13":"product_tag-liniment","14":"product_tag-menthol","15":"product_tag-oil","16":"product_tag-peppermint","17":"product_tag-rub","18":"product_tag-siang-pure","20":"first","21":"onbackorder","22":"sale","23":"shipping-taxable","24":"purchasable","25":"product-type-simple"},"_links":{"self":[{"href":"https:\/\/wellness-lagoon.com\/fr\/wp-json\/wp\/v2\/product\/910","targetHints":{"allow":["GET"]}}],"collection":[{"href":"https:\/\/wellness-lagoon.com\/fr\/wp-json\/wp\/v2\/product"}],"about":[{"href":"https:\/\/wellness-lagoon.com\/fr\/wp-json\/wp\/v2\/types\/product"}],"replies":[{"embeddable":true,"href":"https:\/\/wellness-lagoon.com\/fr\/wp-json\/wp\/v2\/comments?post=910"}],"wp:featuredmedia":[{"embeddable":true,"href":"https:\/\/wellness-lagoon.com\/fr\/wp-json\/wp\/v2\/media\/889"}],"wp:attachment":[{"href":"https:\/\/wellness-lagoon.com\/fr\/wp-json\/wp\/v2\/media?parent=910"}],"wp:term":[{"taxonomy":"product_brand","embeddable":true,"href":"https:\/\/wellness-lagoon.com\/fr\/wp-json\/wp\/v2\/product_brand?post=910"},{"taxonomy":"product_cat","embeddable":true,"href":"https:\/\/wellness-lagoon.com\/fr\/wp-json\/wp\/v2\/product_cat?post=910"},{"taxonomy":"product_tag","embeddable":true,"href":"https:\/\/wellness-lagoon.com\/fr\/wp-json\/wp\/v2\/product_tag?post=910"}],"curies":[{"name":"wp","href":"https:\/\/api.w.org\/{rel}","templated":true}]}}